{"id":4219,"date":"2025-12-09T20:42:09","date_gmt":"2025-12-09T13:42:09","guid":{"rendered":"https:\/\/caygiongphucan.com\/?post_type=product&amp;p=4219"},"modified":"2025-12-09T20:42:09","modified_gmt":"2025-12-09T13:42:09","slug":"giong-vu-sua-lo-ren","status":"publish","type":"product","link":"https:\/\/ktech4.k-tech-services.com\/phucan713\/san-pham\/giong-vu-sua-lo-ren\/","title":{"rendered":"Gi\u1ed1ng V\u00fa S\u1eefa L\u00f2 R\u00e8n"},"content":{"rendered":"<p>Nh\u1eafc \u0111\u1ebfn v\u00fa s\u1eefa, c\u00e1i t\u00ean \u0111\u1ea7u ti\u00ean v\u00e0 n\u1ed5i ti\u1ebfng nh\u1ea5t ch\u1eafc ch\u1eafn l\u00e0 V\u00fa S\u1eefa L\u00f2 R\u00e8n V\u0129nh Kim. \u0110\u00e2y l\u00e0 gi\u1ed1ng v\u00fa s\u1eefa \u0111\u00e3 l\u00e0m n\u00ean th\u01b0\u01a1ng hi\u1ec7u tr\u00e1i c\u00e2y Vi\u1ec7t Nam tr\u00ean tr\u01b0\u1eddng qu\u1ed1c t\u1ebf nh\u1edd ph\u1ea9m ch\u1ea5t tr\u00e1i th\u01b0\u1ee3ng h\u1ea1ng: v\u1ecf m\u1ecfng, th\u1ecbt d\u00e0y v\u00e0 d\u00f2ng nh\u1ef1a tr\u1eafng ng\u1ecdt ng\u00e0o nh\u01b0 s\u1eefa. Tr\u1ed3ng v\u00fa s\u1eefa L\u00f2 R\u00e8n l\u00e0 m\u00f4 h\u00ecnh kinh t\u1ebf b\u1ec1n v\u1eefng, \u00edt r\u1ee7i ro v\u00e0 \u0111\u1ea7u ra lu\u00f4n r\u1ed9ng m\u1edf.<\/p>\n<p>Trong b\u00e0i vi\u1ebft n\u00e0y, C\u00e2y Gi\u1ed1ng Ph\u00fac An s\u1ebd chia s\u1ebb chi ti\u1ebft v\u1ec1 \u0111\u1eb7c t\u00ednh, n\u0103ng su\u1ea5t th\u1ef1c t\u1ebf v\u00e0 quy tr\u00ecnh k\u1ef9 thu\u1eadt canh t\u00e1c gi\u1ed1ng v\u00fa s\u1eefa L\u00f2 R\u00e8n \u0111\u1ec3 b\u00e0 con tham kh\u1ea3o.<\/p>\n<h2>Gi\u1edbi thi\u1ec7u v\u00e0 \u0111\u1eb7c \u0111i\u1ec3m n\u1ed5i b\u1eadt c\u1ee7a gi\u1ed1ng v\u00fa s\u1eefa l\u00f2 r\u00e8n<\/h2>\n<p>Gi\u1ed1ng v\u00fa s\u1eefa l\u00f2 r\u00e8n c\u00f3 ngu\u1ed3n g\u1ed1c t\u1eeb v\u00f9ng \u0111\u1ea5t V\u0129nh Kim (Ti\u1ec1n Giang). T\u01b0\u01a1ng truy\u1ec1n do m\u1ed9t ng\u01b0\u1eddi th\u1ee3 r\u00e8n nh\u00e2n gi\u1ed1ng n\u00ean c\u00f3 t\u00ean g\u1ecdi d\u00e2n d\u00e3 n\u00e0y. Hi\u1ec7n nay, \u0111\u00e2y l\u00e0 gi\u1ed1ng v\u00fa s\u1eefa ch\u1ee7 l\u1ef1c \u0111\u1ea1t ti\u00eau chu\u1ea9n GlobalGAP \u0111\u1ec3 xu\u1ea5t kh\u1ea9u sang M\u1ef9 v\u00e0 c\u00e1c n\u01b0\u1edbc kh\u00f3 t\u00ednh.<\/p>\n<h3>\u0110\u1eb7c \u0111i\u1ec3m h\u00ecnh th\u00e1i<\/h3>\n<p>Th\u00e2n v\u00e0 t\u00e1n c\u00e2y: C\u00e2y th\u00e2n g\u1ed7 d\u1ebbo, t\u00e1n c\u00e2y x\u00f2e r\u1ed9ng, c\u00e0nh nh\u00e1nh m\u1ec1m m\u1ea1i r\u0169 xu\u1ed1ng. L\u00e1 v\u00fa s\u1eefa L\u00f2 R\u00e8n c\u00f3 m\u00e0u xanh \u0111\u1eadm m\u1eb7t tr\u00ean, m\u1eb7t d\u01b0\u1edbi m\u00e0u v\u00e0ng \u0111\u1ed3ng b\u00f3ng m\u01b0\u1ee3t r\u1ea5t \u0111\u1eb9p.<\/p>\n<p>\u0110\u1eb7c \u0111i\u1ec3m tr\u00e1i:<\/p>\n<p>H\u00ecnh d\u00e1ng: Tr\u00e1i tr\u00f2n \u0111\u1ec1u, k\u00edch th\u01b0\u1edbc trung b\u00ecnh \u0111\u1ebfn l\u1edbn.<\/p>\n<p>M\u00e0u s\u1eafc: Khi ch\u00edn v\u1ecf chuy\u1ec3n sang m\u00e0u tr\u1eafng \u1eedng h\u1ed3ng (h\u1ed3ng ph\u1ea5n), v\u1ecf c\u0103ng b\u00f3ng v\u00e0 r\u1ea5t m\u1ecfng.<\/p>\n<p>Th\u1ecbt (C\u01a1m): Th\u1ecbt tr\u00e1i m\u00e0u tr\u1eafng \u0111\u1ee5c. Khi c\u1eaft ra, d\u00f2ng nh\u1ef1a tr\u1eafng \u0111\u1ee5c ch\u1ea3y ra nh\u01b0 s\u1eefa.<\/p>\n<p>H\u01b0\u01a1ng v\u1ecb: V\u1ecb ng\u1ecdt thanh nh\u01b0ng \u0111\u1eadm \u0111\u00e0, m\u00f9i th\u01a1m d\u1ecbu nh\u1eb9 \u0111\u1eb7c tr\u01b0ng. \u0110\u1eb7c bi\u1ec7t, gi\u1ed1ng n\u00e0y kh\u00f4ng b\u1ecb ch\u00e1t hay l\u1ee3n c\u1ee3n nh\u01b0 c\u00e1c gi\u1ed1ng v\u00fa s\u1eefa th\u01b0\u1eddng.<\/p>\n<h3>\u0110\u1eb7c t\u00ednh sinh tr\u01b0\u1edfng<\/h3>\n<p>C\u00e2y th\u00edch nghi t\u1ed1t v\u1edbi \u0111\u1ea5t ph\u00f9 sa ven s\u00f4ng, ch\u1ecbu \u0111\u01b0\u1ee3c ph\u00e8n nh\u1eb9 n\u1ebfu m\u01b0\u01a1ng li\u1ebfp tho\u00e1t n\u01b0\u1edbc t\u1ed1t. V\u00fa s\u1eefa L\u00f2 R\u00e8n c\u00f3 tu\u1ed5i th\u1ecd r\u1ea5t cao, c\u00e2y c\u00e0ng gi\u00e0 tr\u00e1i c\u00e0ng sai v\u00e0 c\u00e0ng ng\u1ecdt.<\/p>\n<h2>V\u00fa s\u1eefa l\u00f2 r\u00e8n tr\u1ed3ng bao l\u00e2u c\u00f3 tr\u00e1i?<\/h2>\n<p>Th\u1eddi gian sinh tr\u01b0\u1edfng c\u1ee7a v\u00fa s\u1eefa L\u00f2 R\u00e8n ph\u1ee5 thu\u1ed9c v\u00e0o c\u00e1ch nh\u00e2n gi\u1ed1ng:<\/p>\n<p>Th\u1eddi gian cho tr\u00e1i: Hi\u1ec7n nay b\u00e0 con ch\u1ee7 y\u1ebfu tr\u1ed3ng b\u1eb1ng c\u00e2y gh\u00e9p (gh\u00e9p chui c\u00e0nh ho\u1eb7c gh\u00e9p m\u1eaft) t\u1eeb c\u00e2y m\u1eb9 \u0111\u00fang gi\u1ed1ng. Sau kho\u1ea3ng 3 n\u0103m tr\u1ed3ng l\u00e0 c\u00e2y b\u1eaft \u0111\u1ea7u cho tr\u00e1i chi\u1ebfn (v\u1ee5 b\u00f3i).<\/p>\n<p>L\u01b0u \u00fd: Giai \u0111o\u1ea1n 3 n\u0103m \u0111\u1ea7u l\u00e0 th\u1eddi gian ki\u1ebfn thi\u1ebft b\u1ed9 khung t\u00e1n, b\u00e0 con c\u1ea7n ch\u0103m s\u00f3c k\u1ef9 \u0111\u1ec3 c\u00e2y \u0111\u1ee7 s\u1ee9c nu\u00f4i tr\u00e1i \u0111\u01b0\u1eddng d\u00e0i.<\/p>\n<h2>Chu k\u1ef3 ra hoa v\u00e0 thu ho\u1ea1ch<\/h2>\n<p>M\u00f9a v\u1ee5: V\u00fa s\u1eefa L\u00f2 R\u00e8n th\u01b0\u1eddng ra hoa v\u00e0o kho\u1ea3ng th\u00e1ng 5 \u2013 6 (\u00e2m l\u1ecbch) v\u00e0 cho thu ho\u1ea1ch r\u1ed9 v\u00e0o d\u1ecbp cu\u1ed1i n\u0103m v\u00e0 T\u1ebft Nguy\u00ean \u0110\u00e1n (th\u00e1ng 11 \u2013 2 \u00e2m l\u1ecbch). \u0110\u00e2y l\u00e0 th\u1eddi \u0111i\u1ec3m tr\u00e1i c\u00e2y b\u00e1n \u0111\u01b0\u1ee3c gi\u00e1 cao nh\u1ea5t trong n\u0103m.<\/p>\n<p>Th\u1eddi gian nu\u00f4i tr\u00e1i: T\u1eeb khi \u0111\u1eadu tr\u00e1i \u0111\u1ebfn khi thu ho\u1ea1ch m\u1ea5t kho\u1ea3ng 6 \u2013 7 th\u00e1ng.<\/p>\n<p>Thu ho\u1ea1ch: Khi tr\u00e1i chuy\u1ec3n m\u00e0u h\u1ed3ng b\u00f3ng, da l\u00e1ng m\u1ecbn l\u00e0 c\u00f3 th\u1ec3 thu ho\u1ea1ch. C\u1ea7n thu h\u00e1i nh\u1eb9 nh\u00e0ng, l\u00f3t gi\u1ea5y b\u00e1o \u0111\u1ec3 tr\u00e1nh tr\u1ea7y x\u01b0\u1edbc v\u1ecf (v\u1ecf L\u00f2 R\u00e8n r\u1ea5t m\u1ecfng).<\/p>\n<h2>N\u0103ng su\u1ea5t gi\u1ed1ng v\u00fa s\u1eefa l\u00f2 r\u00e8n<\/h2>\n<p>V\u00fa s\u1eefa L\u00f2 R\u00e8n l\u00e0 c\u00e2y cho n\u0103ng su\u1ea5t t\u0103ng d\u1ea7n theo \u0111\u1ed9 tu\u1ed5i:<\/p>\n<p>S\u1ea3n l\u01b0\u1ee3ng:<\/p>\n<p>C\u00e2y t\u1eeb 5 \u2013 7 n\u0103m tu\u1ed5i: C\u00f3 th\u1ec3 cho t\u1eeb 200 \u2013 350 tr\u00e1i\/c\u00e2y\/n\u0103m.<\/p>\n<p>C\u00e2y tr\u01b0\u1edfng th\u00e0nh (tr\u00ean 10 n\u0103m): N\u0103ng su\u1ea5t r\u1ea5t cao, c\u00f3 th\u1ec3 \u0111\u1ea1t t\u1eeb 500 \u2013 800 tr\u00e1i\/c\u00e2y, th\u1eadm ch\u00ed c\u1ea3 ng\u00e0n tr\u00e1i \u0111\u1ed1i v\u1edbi nh\u1eefng c\u00e2y c\u1ed5 th\u1ee5 t\u00e1n r\u1ed9ng.<\/p>\n<p>Gi\u00e1 tr\u1ecb kinh t\u1ebf: Nh\u1edd th\u01b0\u01a1ng hi\u1ec7u \u0111\u00e3 \u0111\u01b0\u1ee3c kh\u1eb3ng \u0111\u1ecbnh, v\u00fa s\u1eefa L\u00f2 R\u00e8n lu\u00f4n c\u00f3 gi\u00e1 b\u00e1n \u1ed5n \u0111\u1ecbnh \u1edf m\u1ee9c cao, \u00edt b\u1ecb r\u1edbt gi\u00e1 th\u00ea th\u1ea3m nh\u01b0 c\u00e1c lo\u1ea1i tr\u00e1i c\u00e2y kh\u00e1c.<\/p>\n<h2>K\u1ef9 thu\u1eadt tr\u1ed3ng v\u00e0 ch\u0103m s\u00f3c theo h\u01b0\u1edbng b\u1ec1n v\u1eefng<\/h2>\n<p>V\u00fa s\u1eefa l\u00e0 c\u00e2y r\u1ec5 c\u1ecdc nh\u01b0ng r\u1ec5 \u0103n n\u00f4ng, r\u1ea5t s\u1ee3 ng\u1eadp \u00fang v\u00e0 b\u1ec7nh th\u1ed1i r\u1ec5. C\u00e2y Gi\u1ed1ng Ph\u00fac An l\u01b0u \u00fd b\u00e0 con c\u00e1c k\u1ef9 thu\u1eadt sau:<\/p>\n<h3>Chu\u1ea9n b\u1ecb \u0111\u1ea5t v\u00e0 m\u1eadt \u0111\u1ed9 tr\u1ed3ng<\/h3>\n<p>L\u00ean m\u00f4: B\u1eaft bu\u1ed9c ph\u1ea3i l\u00ean m\u00f4 cao, m\u01b0\u01a1ng li\u1ebfp th\u00f4ng tho\u00e1ng \u0111\u1ec3 tho\u00e1t n\u01b0\u1edbc tri\u1ec7t \u0111\u1ec3.<\/p>\n<p>M\u1eadt \u0111\u1ed9: Tr\u1ed3ng th\u01b0a v\u1edbi kho\u1ea3ng c\u00e1ch 7m x 8m ho\u1eb7c 8m x 8m. T\u00e1n v\u00fa s\u1eefa x\u00f2e r\u1ea5t r\u1ed9ng, tr\u1ed3ng th\u01b0a gi\u00fap c\u00e2y kh\u1ecfe, tr\u00e1i to v\u00e0 h\u1ea1n ch\u1ebf s\u00e2u b\u1ec7nh.<\/p>\n<p>Ch\u1ecdn gi\u1ed1ng: Ch\u1ecdn c\u00e2y gh\u00e9p t\u1eeb c\u00e2y m\u1eb9 L\u00f2 R\u00e8n chu\u1ea9n, m\u1eaft gh\u00e9p li\u1ec1n l\u1ea1c, l\u00e1 m\u00e0u \u0111\u1ed3ng \u0111\u1eb7c tr\u01b0ng. Tr\u00e1nh mua nh\u1ea7m v\u00fa s\u1eefa t\u00edm ho\u1eb7c v\u00fa s\u1eefa b\u01a1 (gi\u00e1 tr\u1ecb th\u1ea5p h\u01a1n).<\/p>\n<h3>Quy tr\u00ecnh b\u00f3n ph\u00e2n<\/h3>\n<p>B\u00f3n l\u00f3t: B\u00f3n nhi\u1ec1u ph\u00e2n h\u1eefu c\u01a1 hoai m\u1ee5c v\u00e0o m\u00f4 tr\u01b0\u1edbc khi tr\u1ed3ng.<\/p>\n<p>Giai \u0111o\u1ea1n nu\u00f4i tr\u00e1i:<\/p>\n<p>Gi\u1ed1ng v\u00fa s\u1eefa l\u00f2 r\u00e8n c\u1ea7n nhi\u1ec1u n\u01b0\u1edbc v\u00e0 dinh d\u01b0\u1ee1ng \u0111\u1ec3 t\u1ea1o s\u1eefa. B\u00f3n NPK c\u00e2n \u0111\u1ed1i v\u00e0 b\u1ed5 sung c\u00e1c lo\u1ea1i ph\u00e2n b\u00f3n l\u00e1 trung vi l\u01b0\u1ee3ng.<\/p>\n<p>Quan tr\u1ecdng: Kh\u00f4ng n\u00ean b\u00f3n qu\u00e1 nhi\u1ec1u ph\u00e2n \u0110\u1ea1m khi tr\u00e1i s\u1eafp ch\u00edn v\u00ec s\u1ebd l\u00e0m tr\u00e1i d\u1ec5 b\u1ecb n\u1ee9t, th\u1ed1i v\u00e0 m\u1ea5t v\u1ecb ng\u1ecdt. T\u0103ng c\u01b0\u1eddng Kali \u0111\u1ec3 tr\u00e1i ng\u1ecdt v\u00e0 ch\u1eafc.<\/p>\n<p>B\u1ed3i b\u00f9n: H\u00e0ng n\u0103m n\u00ean b\u1ed3i m\u1ed9t l\u1edbp b\u00f9n m\u1ecfng v\u00e0o g\u1ed1c \u0111\u1ec3 cung c\u1ea5p dinh d\u01b0\u1ee1ng t\u1ef1 nhi\u00ean v\u00e0 gi\u1eef \u1ea9m cho r\u1ec5.<\/p>\n<h3>Qu\u1ea3n l\u00fd n\u01b0\u1edbc t\u01b0\u1edbi v\u00e0 s\u00e2u b\u1ec7nh<\/h3>\n<p>S\u00e2u b\u1ec7nh:<\/p>\n<p>S\u00e2u \u0111\u1ee5c tr\u00e1i: \u0110\u1ed1i t\u01b0\u1ee3ng nguy hi\u1ec3m nh\u1ea5t. N\u00ean d\u00f9ng t\u00fai bao tr\u00e1i chuy\u00ean d\u1ee5ng khi tr\u00e1i to b\u1eb1ng qu\u1ea3 tr\u1ee9ng g\u00e0. Bao tr\u00e1i gi\u00fap v\u1ecf b\u00f3ng \u0111\u1eb9p, kh\u00f4ng b\u1ecb s\u00e2u v\u00e0 h\u1ea1n ch\u1ebf thu\u1ed1c tr\u1eeb s\u00e2u.<\/p>\n<p>B\u1ec7nh th\u1ed1i r\u1ec5: Do n\u1ea5m Fusarium. C\u1ea7n t\u01b0\u1edbi Trichoderma \u0111\u1ecbnh k\u1ef3 v\u00e0 kh\u00f4ng \u0111\u1ec3 v\u01b0\u1eddn b\u1ecb \u0111\u1ecdng n\u01b0\u1edbc.<\/p>\n<h2>Mua c\u00e2y gi\u1ed1ng v\u00fa s\u1eefa l\u00f2 r\u00e8n \u1edf \u0111\u00e2u uy t\u00edn?<\/h2>\n<p>V\u00fa s\u1eefa tr\u1ed3ng l\u00e2u n\u0103m m\u1edbi c\u00f3 tr\u00e1i, n\u1ebfu mua nh\u1ea7m gi\u1ed1ng th\u00ec thi\u1ec7t h\u1ea1i v\u1ec1 th\u1eddi gian v\u00e0 c\u00f4ng s\u1ee9c l\u00e0 r\u1ea5t l\u1edbn. B\u00e0 con c\u1ea7n t\u00ecm \u0111\u1ebfn nh\u1eefng c\u01a1 s\u1edf c\u00e2y gi\u1ed1ng c\u00f3 uy t\u00edn l\u00e2u n\u0103m.<\/p>\n<p>C\u00e2y Gi\u1ed1ng Ph\u00fac An t\u1ef1 h\u00e0o l\u00e0 \u0111\u01a1n v\u1ecb cung c\u1ea5p c\u00e2y gi\u1ed1ng uy t\u00edn, \u0111\u01b0\u1ee3c nhi\u1ec1u b\u00e0 con tin t\u01b0\u1edfng:<\/p>\n<p>Chu\u1ea9n gi\u1ed1ng: C\u00e2y gi\u1ed1ng \u0111\u01b0\u1ee3c gh\u00e9p t\u1eeb nh\u1eefng c\u00e2y m\u1eb9 \u0111\u00fang gi\u1ed1ng, kh\u1ecfe m\u1ea1nh, \u0111\u00e3 \u0111\u01b0\u1ee3c tuy\u1ec3n ch\u1ecdn k\u1ef9 l\u01b0\u1ee1ng. C\u00e2y tr\u1ea3i qua quy tr\u00ecnh nh\u00e2n gi\u1ed1ng, d\u01b0\u1ee1ng c\u00e2y con, x\u1ea3 n\u1eafng ho\u00e0n ch\u1ec9nh. \u0110\u1ebfn tay c\u00f4 b\u00e1c s\u1ebd l\u00e0 t\u1eebng c\u00e2y \u0111\u00e3 c\u1ee9ng c\u00e1p \u0111\u00e3 ra c\u01a1i ch\u1ed3i m\u1edbi.<\/p>\n<p>Qu\u00fd c\u00f4 b\u00e1c c\u00f3 th\u1ec3 li\u00ean h\u1ec7 tr\u1ef1c ti\u1ebfp qua SDT\/ Zalo 0962.888.014 (<a href=\"http:\/\/localhost\/phucan713\/\" target=\"_blank\" rel=\"noopener\">C\u00e2y Gi\u1ed1ng Ph\u00fac An<\/a>) \u0111\u1ec3 ch\u00fang t\u00f4i t\u01b0 v\u1ea5n v\u00e0 b\u00e1o gi\u00e1 c\u1ee5 th\u1ec3. Xin c\u1ea3m \u01a1n qu\u00fd c\u00f4 b\u00e1c \u0111\u00e3 \u0111\u1eb7t ni\u1ec1m tin v\u1edbi nh\u00e0 v\u01b0\u1eddn.<\/p>\n<p>&gt;&gt; M\u1eddi b\u1ea1n \u0111\u1ecdc th\u00eam: <a href=\"https:\/\/baocantho.com.vn\/nhanh-nhay-lam-giau-tu-cay-vu-sua-a182166.html\" target=\"_blank\" rel=\"noopener\"><span style=\"color: #000080;\"><em><strong>Nhanh nh\u1ea1y l\u00e0m gi\u00e0u t\u1eeb c\u00e2y v\u00fa s\u1eefa<\/strong><\/em><\/span><\/a><\/p>\n","protected":false},"excerpt":{"rendered":"<p>* Gi\u00e1 tham kh\u1ea3o cho s\u1ed1 l\u01b0\u1ee3ng t\u1eeb 30 c\u00e2y, c\u00f3 th\u1ec3 thay \u0111\u1ed5i theo th\u1eddi \u0111i\u1ec3m<br \/>\n* Ch\u01b0a bao g\u1ed3m ph\u00ed v\u1eadn chuy\u1ec3n (t\u00f9y theo s\u1ed1 l\u01b0\u1ee3ng c\u00e2y v\u00e0 \u0111\u1ecba \u0111i\u1ec3m giao h\u00e0ng)<\/p>\n","protected":false},"featured_media":4220,"comment_status":"open","ping_status":"closed","template":"","meta":[],"product_brand":[],"product_cat":[35,103],"product_tag":[],"class_list":{"0":"post-4219","1":"product","2":"type-product","3":"status-publish","4":"has-post-thumbnail","6":"product_cat-san-pham-giong-cay-an-trai","7":"product_cat-giong-vu-sua","9":"first","10":"instock","11":"shipping-taxable","12":"purchasable","13":"product-type-simple"},"_links":{"self":[{"href":"https:\/\/ktech4.k-tech-services.com\/phucan713\/wp-json\/wp\/v2\/product\/4219","targetHints":{"allow":["GET"]}}],"collection":[{"href":"https:\/\/ktech4.k-tech-services.com\/phucan713\/wp-json\/wp\/v2\/product"}],"about":[{"href":"https:\/\/ktech4.k-tech-services.com\/phucan713\/wp-json\/wp\/v2\/types\/product"}],"replies":[{"embeddable":true,"href":"https:\/\/ktech4.k-tech-services.com\/phucan713\/wp-json\/wp\/v2\/comments?post=4219"}],"wp:featuredmedia":[{"embeddable":true,"href":"https:\/\/ktech4.k-tech-services.com\/phucan713\/wp-json\/wp\/v2\/media\/4220"}],"wp:attachment":[{"href":"https:\/\/ktech4.k-tech-services.com\/phucan713\/wp-json\/wp\/v2\/media?parent=4219"}],"wp:term":[{"taxonomy":"product_brand","embeddable":true,"href":"https:\/\/ktech4.k-tech-services.com\/phucan713\/wp-json\/wp\/v2\/product_brand?post=4219"},{"taxonomy":"product_cat","embeddable":true,"href":"https:\/\/ktech4.k-tech-services.com\/phucan713\/wp-json\/wp\/v2\/product_cat?post=4219"},{"taxonomy":"product_tag","embeddable":true,"href":"https:\/\/ktech4.k-tech-services.com\/phucan713\/wp-json\/wp\/v2\/product_tag?post=4219"}],"curies":[{"name":"wp","href":"https:\/\/api.w.org\/{rel}","templated":true}]}}