{"id":4223,"date":"2025-12-09T21:10:18","date_gmt":"2025-12-09T14:10:18","guid":{"rendered":"https:\/\/caygiongphucan.com\/?post_type=product&amp;p=4223"},"modified":"2025-12-09T21:10:18","modified_gmt":"2025-12-09T14:10:18","slug":"giong-xoai-uong-hat","status":"publish","type":"product","link":"https:\/\/ktech4.k-tech-services.com\/phucan713\/san-pham\/giong-xoai-uong-hat\/","title":{"rendered":"Gi\u1ed1ng Xo\u00e0i \u01af\u01a1ng H\u1ea1t"},"content":{"rendered":"<p>Trong b\u1ed1i c\u1ea3nh chi ph\u00ed v\u1eadt t\u01b0 n\u00f4ng nghi\u1ec7p ng\u00e0y c\u00e0ng t\u0103ng, vi\u1ec7c t\u00ecm ki\u1ebfm m\u1ed9t lo\u1ea1i c\u00e2y gi\u1ed1ng v\u1eeba b\u1ec1n b\u1ec9, \u00edt t\u1ed1n c\u00f4ng ch\u0103m s\u00f3c l\u1ea1i c\u00f3 chi ph\u00ed \u0111\u1ea7u v\u00e0o th\u1ea5p l\u00e0 b\u00e0i to\u00e1n c\u1ee7a nhi\u1ec1u nh\u00e0 v\u01b0\u1eddn. Gi\u1ed1ng Xo\u00e0i \u01af\u01a1ng H\u1ea1t (xo\u00e0i th\u1ef1c sinh) ch\u00ednh l\u00e0 l\u1eddi gi\u1ea3i ho\u00e0n h\u1ea3o. V\u1edbi \u01b0u th\u1ebf gi\u00e1 r\u1ebb v\u00e0 b\u1ed9 r\u1ec5 c\u1ecdc &#8220;c\u1eafm s\u00e2u \u0111\u1ea5t m\u1eb9&#8221;, \u0111\u00e2y l\u00e0 l\u1ef1a ch\u1ecdn kinh t\u1ebf nh\u1ea5t \u0111\u1ec3 tr\u1ed3ng r\u1eebng, tr\u1ed3ng l\u1ea5y b\u00f3ng m\u00e1t ho\u1eb7c l\u00e0m g\u1ed1c gh\u00e9p c\u1ea3i t\u1ea1o.<\/p>\n<p>Trong b\u00e0i vi\u1ebft n\u00e0y, C\u00e2y Gi\u1ed1ng Ph\u00fac An s\u1ebd ph\u00e2n t\u00edch k\u1ef9 h\u01a1n v\u1ec1 \u0111\u1ed9 kh\u1ecfe, gi\u00e1 th\u00e0nh v\u00e0 k\u1ef9 thu\u1eadt tr\u1ed3ng gi\u1ed1ng xo\u00e0i \u01b0\u01a1ng h\u1ea1t \u0111\u1ec3 b\u00e0 con c\u00f3 c\u00e1i nh\u00ecn r\u00f5 nh\u1ea5t.<\/p>\n<h2>T\u1ea1i sao n\u00ean ch\u1ecdn gi\u1ed1ng xo\u00e0i \u01b0\u01a1ng h\u1ea1t?<\/h2>\n<p>Kh\u00e1c v\u1edbi xo\u00e0i gh\u00e9p c\u00f3 r\u1ec5 ch\u00f9m \u0103n n\u00f4ng, gi\u1ed1ng xo\u00e0i \u01b0\u01a1ng h\u1ea1t (\u0111\u01b0\u1ee3c \u01b0\u01a1m tr\u1ef1c ti\u1ebfp t\u1eeb h\u1ed9t c\u1ee7a c\u00e1c gi\u1ed1ng xo\u00e0i b\u1ea3n \u0111\u1ecba kh\u1ecfe m\u1ea1nh) s\u1edf h\u1eefu nh\u1eefng \u0111\u1eb7c t\u00ednh sinh h\u1ecdc v\u01b0\u1ee3t tr\u1ed9i m\u00e0 kh\u00f4ng lo\u1ea1i c\u00e2y n\u00e0o s\u00e1nh k\u1ecbp.<\/p>\n<h3>\u0110\u1ed9 kh\u1ecfe &#8220;v\u00f4 \u0111\u1ecbch&#8221; nh\u1edd b\u1ed9 r\u1ec5 c\u1ecdc<\/h3>\n<p>Ch\u1ed1ng \u0111\u1ed5 ng\u00e3: Xo\u00e0i \u01b0\u01a1ng h\u1ea1t c\u00f3 m\u1ed9t r\u1ec5 c\u00e1i (r\u1ec5 c\u1ecdc) c\u1eafm th\u1eb3ng v\u00e0 s\u00e2u v\u00e0o l\u00f2ng \u0111\u1ea5t. Nh\u1edd \u0111\u00f3, c\u00e2y \u0111\u1ee9ng v\u1eefng v\u00e0ng tr\u01b0\u1edbc gi\u00f3 b\u00e3o, gi\u00f4ng l\u1ed1c, r\u1ea5t th\u00edch h\u1ee3p tr\u1ed3ng \u1edf nh\u1eefng v\u00f9ng \u0111\u1ea5t tr\u1ed1ng, \u0111\u1ed3i tr\u1ecdc hay v\u00f9ng ven bi\u1ec3n nhi\u1ec1u gi\u00f3.<\/p>\n<p>Ch\u1ecbu h\u1ea1n tuy\u1ec7t v\u1eddi: R\u1ec5 c\u00e2y c\u00f3 kh\u1ea3 n\u0103ng t\u00ecm ki\u1ebfm m\u1ea1ch n\u01b0\u1edbc ng\u1ea7m s\u00e2u trong \u0111\u1ea5t. V\u00ec v\u1eady, xo\u00e0i \u01b0\u01a1ng h\u1ea1t c\u00f3 th\u1ec3 s\u1ed1ng t\u1ed1t \u1edf nh\u1eefng v\u00f9ng kh\u00f4 h\u1ea1n, \u0111\u1ea5t s\u1ecfi \u0111\u00e1, \u0111\u1ea5t g\u00f2 \u0111\u1ed3i m\u00e0 kh\u00f4ng c\u1ea7n t\u01b0\u1edbi n\u01b0\u1edbc th\u01b0\u1eddng xuy\u00ean.<\/p>\n<p>Tu\u1ed5i th\u1ecd cao: M\u1ed9t c\u00e2y xo\u00e0i \u01b0\u01a1ng h\u1ea1t c\u00f3 th\u1ec3 s\u1ed1ng v\u00e0 ph\u00e1t tri\u1ec3n kh\u1ecfe m\u1ea1nh t\u1edbi 50 \u2013 70 n\u0103m.<\/p>\n<h3>Gi\u00e1 th\u00e0nh c\u1ef1c r\u1ebb &#8211; ti\u1ebft ki\u1ec7m chi ph\u00ed<\/h3>\n<p>Gi\u00e1 c\u00e2y gi\u1ed1ng: So v\u1edbi c\u00e1c lo\u1ea1i c\u00e2y gh\u00e9p (xo\u00e0i \u0110\u00e0i Loan, H\u00f2a L\u1ed9c&#8230;), gi\u00e1 c\u00e2y gi\u1ed1ng xo\u00e0i \u01b0\u01a1ng h\u1ea1t r\u1ebb h\u01a1n r\u1ea5t nhi\u1ec1u (th\u01b0\u1eddng ch\u1ec9 b\u1eb1ng 1\/3 ho\u1eb7c 1\/4 gi\u00e1 c\u00e2y gh\u00e9p).<\/p>\n<p>\u0110\u1ea7u t\u01b0 th\u1ea5p: B\u00e0 con c\u00f3 th\u1ec3 mua s\u1ed1 l\u01b0\u1ee3ng l\u1edbn \u0111\u1ec3 ph\u1ee7 xanh di\u1ec7n t\u00edch r\u1ed9ng v\u1edbi s\u1ed1 v\u1ed1n nh\u1ecf. C\u00e2y c\u0169ng \u00edt s\u00e2u b\u1ec7nh n\u00ean g\u1ea7n nh\u01b0 kh\u00f4ng t\u1ed1n chi ph\u00ed thu\u1ed1c men b\u1ea3o v\u1ec7 th\u1ef1c v\u1eadt.<\/p>\n<h2>C\u00f4ng d\u1ee5ng ch\u00ednh c\u1ee7a gi\u1ed1ng xo\u00e0i \u01b0\u01a1ng h\u1ea1t<\/h2>\n<p>Gi\u1ed1ng xo\u00e0i \u01b0\u01a1ng h\u1ea1t \u0111\u01b0\u1ee3c b\u00e0 con mua v\u1ec1 th\u01b0\u1eddng v\u1edbi 2 m\u1ee5c \u0111\u00edch ch\u00ednh:<\/p>\n<p>L\u00e0m g\u1ed1c gh\u00e9p (Quan tr\u1ecdng nh\u1ea5t): \u0110\u00e2y l\u00e0 gi\u1ea3i ph\u00e1p k\u1ef9 thu\u1eadt th\u00f4ng minh. B\u00e0 con tr\u1ed3ng xo\u00e0i \u01b0\u01a1ng h\u1ea1t kho\u1ea3ng 1-2 n\u0103m cho b\u1ed9 r\u1ec5 th\u1eadt kh\u1ecfe, sau \u0111\u00f3 gh\u00e9p c\u00e1c gi\u1ed1ng xo\u00e0i cao s\u1ea3n (nh\u01b0 xo\u00e0i C\u00e1t H\u00f2a L\u1ed9c, xo\u00e0i \u00dac, xo\u00e0i T\u1ee9 Qu\u00fd&#8230;) l\u00ean tr\u00ean. C\u00e2y m\u1edbi s\u1ebd c\u00f3 &#8220;ch\u00e2n \u0111\u1ebf&#8221; v\u1eefng ch\u1eafc c\u1ee7a xo\u00e0i h\u1ea1t v\u00e0 &#8220;c\u00e1i \u0111\u1ea7u&#8221; n\u0103ng su\u1ea5t cao c\u1ee7a xo\u00e0i gh\u00e9p.<\/p>\n<p>Tr\u1ed3ng l\u1ea5y b\u00f3ng m\u00e1t &amp; g\u1ed7: V\u1edbi t\u00e1n l\u00e1 r\u1ed9ng v\u00e0 s\u1ee9c s\u1ed1ng kh\u1ecfe, xo\u00e0i \u01b0\u01a1ng h\u1ea1t l\u00e0 c\u00e2y c\u00f4ng tr\u00ecnh, c\u00e2y b\u00f3ng m\u00e1t s\u00e2n v\u01b0\u1eddn l\u00fd t\u01b0\u1edfng.<\/p>\n<h2>Xo\u00e0i \u01b0\u01a1ng h\u1ea1t tr\u1ed3ng bao l\u00e2u c\u00f3 tr\u00e1i?<\/h2>\n<p>N\u1ebfu tr\u1ed3ng \u0111\u1ec3 l\u1ea5y tr\u00e1i t\u1ef1 nhi\u00ean (kh\u00f4ng gh\u00e9p), xo\u00e0i \u01b0\u01a1ng h\u1ea1t s\u1ebd c\u00f3 th\u1eddi gian sinh tr\u01b0\u1edfng d\u00e0i h\u01a1n:<\/p>\n<p>Th\u1eddi gian cho tr\u00e1i: C\u00e2y m\u1ea5t kho\u1ea3ng 5 \u2013 7 n\u0103m \u0111\u1ec3 b\u1eaft \u0111\u1ea7u ra hoa k\u1ebft tr\u00e1i.<\/p>\n<p>\u0110\u1eb7c \u0111i\u1ec3m tr\u00e1i: Tr\u00e1i th\u01b0\u1eddng mang \u0111\u1eb7c t\u00ednh c\u1ee7a c\u00e2y m\u1eb9 (v\u00ed d\u1ee5 xo\u00e0i b\u01b0\u1edfi, xo\u00e0i canh n\u00f4ng&#8230;). Tuy tr\u00e1i c\u00f3 th\u1ec3 kh\u00f4ng to \u0111\u1eb9p b\u1eb1ng xo\u00e0i gh\u00e9p cao s\u1ea3n nh\u01b0ng h\u01b0\u01a1ng v\u1ecb th\u01b0\u1eddng r\u1ea5t \u0111\u1eadm \u0111\u00e0 v\u00e0 sai tr\u00e1i.<\/p>\n<h2>N\u0103ng su\u1ea5t gi\u1ed1ng xo\u00e0i \u01b0\u01a1ng h\u1ea1t<\/h2>\n<p>\u0110i\u1ec3m m\u1ea1nh c\u1ee7a xo\u00e0i \u01b0\u01a1ng h\u1ea1t l\u00e0 c\u00e0ng gi\u00e0 c\u00e2y c\u00e0ng sung:<\/p>\n<p>S\u1ea3n l\u01b0\u1ee3ng: Khi c\u00e2y \u0111\u00e3 tr\u01b0\u1edfng th\u00e0nh (tr\u00ean 10 n\u0103m tu\u1ed5i), t\u00e1n c\u00e2y x\u00f2e r\u1ed9ng h\u00e0ng ch\u1ee5c m\u00e9t vu\u00f4ng. M\u1ed9t v\u1ee5 xo\u00e0i c\u00f3 th\u1ec3 thu ho\u1ea1ch h\u00e0ng t\u1ea1 \u0111\u1ebfn h\u00e0ng t\u1ea5n tr\u00e1i\/c\u00e2y.<\/p>\n<p>\u1ed4n \u0111\u1ecbnh: C\u00e2y \u00edt b\u1ecb \u1ea3nh h\u01b0\u1edfng b\u1edfi th\u1eddi ti\u1ebft th\u1ea5t th\u01b0\u1eddng, n\u0103ng su\u1ea5t \u1ed5n \u0111\u1ecbnh qua t\u1eebng n\u0103m.<\/p>\n<h2>K\u1ef9 thu\u1eadt tr\u1ed3ng v\u00e0 ch\u0103m s\u00f3c (c\u1ef1c k\u1ef3 \u0111\u01a1n gi\u1ea3n)<\/h2>\n<p>C\u00f3 th\u1ec3 n\u00f3i gi\u1ed1ng xo\u00e0i \u01b0\u01a1ng h\u1ea1t l\u00e0 lo\u1ea1i c\u00e2y &#8220;tr\u1ed3ng \u0111\u00e2u s\u1ed1ng \u0111\u00f3&#8221;, d\u1ec5 t\u00ednh b\u1eadc nh\u1ea5t:<\/p>\n<h3>Chu\u1ea9n b\u1ecb \u0111\u1ea5t<\/h3>\n<p>C\u00e2y kh\u00f4ng k\u00e9n \u0111\u1ea5t, ch\u1ea5p nh\u1eadn \u0111\u1ea5t ph\u00e8n nh\u1eb9, m\u1eb7n nh\u1eb9, \u0111\u1ea5t ngh\u00e8o dinh d\u01b0\u1ee1ng.<\/p>\n<p>\u0110\u00e0o h\u1ed1 v\u1eeba ph\u1ea3i (40x40x40cm), b\u00f3n l\u00f3t m\u1ed9t \u00edt ph\u00e2n chu\u1ed3ng hoai m\u1ee5c l\u00e0 \u0111\u1ee7.<\/p>\n<h3>Ch\u0103m s\u00f3c<\/h3>\n<p>Giai \u0111o\u1ea1n \u0111\u1ea7u: Trong 3-6 th\u00e1ng \u0111\u1ea7u sau khi tr\u1ed3ng, n\u00ean t\u01b0\u1edbi n\u01b0\u1edbc gi\u1eef \u1ea9m \u0111\u1ec3 c\u00e2y con b\u00e9n r\u1ec5 nhanh.<\/p>\n<p>Giai \u0111o\u1ea1n sau: Khi c\u00e2y \u0111\u00e3 cao qu\u00e1 \u0111\u1ea7u ng\u01b0\u1eddi, r\u1ec5 c\u1ecdc \u0111\u00e3 \u0103n s\u00e2u, g\u1ea7n nh\u01b0 b\u00e0 con c\u00f3 th\u1ec3 \u0111\u1ec3 c\u00e2y ph\u00e1t tri\u1ec3n t\u1ef1 nhi\u00ean nh\u1edd n\u01b0\u1edbc tr\u1eddi (&#8220;nu\u00f4i th\u1ea3&#8221;).<\/p>\n<p>Gh\u00e9p c\u1ea3i t\u1ea1o: N\u1ebfu mu\u1ed1n chuy\u1ec3n sang khai th\u00e1c kinh t\u1ebf cao, khi \u0111\u01b0\u1eddng k\u00ednh th\u00e2n c\u00e2y \u0111\u1ea1t kho\u1ea3ng 2-3cm, b\u00e0 con c\u00f3 th\u1ec3 ti\u1ebfn h\u00e0nh c\u01b0a ng\u1ecdn v\u00e0 gh\u00e9p n\u00eam c\u00e1c gi\u1ed1ng xo\u00e0i kh\u00e1c v\u00e0o.<\/p>\n<h2>Mua gi\u1ed1ng xo\u00e0i \u01b0\u01a1ng h\u1ea1t \u1edf \u0111\u00e2u uy t\u00edn &#8211; gi\u00e1 r\u1ebb?<\/h2>\n<p>D\u00f9 l\u00e0 c\u00e2y gi\u00e1 r\u1ebb, nh\u01b0ng vi\u1ec7c ch\u1ecdn ngu\u1ed3n gi\u1ed1ng s\u1ea1ch b\u1ec7nh, h\u1ea1t \u01b0\u01a1m t\u1eeb c\u00e2y m\u1eb9 kh\u1ecfe m\u1ea1nh l\u00e0 r\u1ea5t quan tr\u1ecdng \u0111\u1ec3 \u0111\u1ea3m b\u1ea3o \u0111\u1ed9 \u0111\u1ed3ng \u0111\u1ec1u cho c\u1ea3 v\u01b0\u1eddn.<\/p>\n<p>C\u00e2y Gi\u1ed1ng Ph\u00fac An t\u1ef1 h\u00e0o l\u00e0 \u0111\u01a1n v\u1ecb cung c\u1ea5p c\u00e2y gi\u1ed1ng uy t\u00edn, \u0111\u01b0\u1ee3c nhi\u1ec1u b\u00e0 con tin t\u01b0\u1edfng:<\/p>\n<p>C\u00e2y tr\u1ea3i qua quy tr\u00ecnh nh\u00e2n gi\u1ed1ng, d\u01b0\u1ee1ng c\u00e2y con (trong b\u1ea7u \u01b0\u01a1m \u1ed5n \u0111\u1ecbnh), x\u1ea3 n\u1eafng ho\u00e0n ch\u1ec9nh. \u0110\u1ebfn tay c\u00f4 b\u00e1c s\u1ebd l\u00e0 t\u1eebng c\u00e2y \u0111\u00e3 c\u1ee9ng c\u00e1p, r\u1ec5 ra k\u00edn b\u1ea7u, l\u00e1 xanh t\u1ed1t<\/p>\n<p>Qu\u00fd c\u00f4 b\u00e1c c\u00f3 th\u1ec3 li\u00ean h\u1ec7 tr\u1ef1c ti\u1ebfp qua SDT\/ Zalo 0962.888.014 (<a href=\"http:\/\/localhost\/phucan713\/\" target=\"_blank\" rel=\"noopener\">C\u00e2y Gi\u1ed1ng Ph\u00fac An<\/a>) \u0111\u1ec3 ch\u00fang t\u00f4i t\u01b0 v\u1ea5n v\u00e0 b\u00e1o gi\u00e1 c\u1ee5 th\u1ec3. Xin c\u1ea3m \u01a1n qu\u00fd c\u00f4 b\u00e1c \u0111\u00e3 \u0111\u1eb7t ni\u1ec1m tin v\u1edbi nh\u00e0 v\u01b0\u1eddn.<\/p>\n<p>&gt;&gt; M\u1eddi b\u1ea1n \u0111\u1ecdc th\u00eam: <a href=\"https:\/\/baovinhlong.com.vn\/kinh-te\/202103\/khoi-nghiep-bang-tu-duy-moi-me-sang-tao-3046047\" target=\"_blank\" rel=\"noopener\"><span style=\"color: #000080;\"><em><strong>Kh\u1edfi nghi\u1ec7p b\u1eb1ng t\u01b0 duy m\u1edbi m\u1ebb, s\u00e1ng t\u1ea1o<\/strong><\/em><\/span><\/a><\/p>\n","protected":false},"excerpt":{"rendered":"<p>* Gi\u00e1 tham kh\u1ea3o cho s\u1ed1 l\u01b0\u1ee3ng t\u1eeb 100 c\u00e2y, c\u00f3 th\u1ec3 thay \u0111\u1ed5i theo th\u1eddi \u0111i\u1ec3m<br \/>\n* Ch\u01b0a bao g\u1ed3m ph\u00ed v\u1eadn chuy\u1ec3n (t\u00f9y theo s\u1ed1 l\u01b0\u1ee3ng c\u00e2y v\u00e0 \u0111\u1ecba \u0111i\u1ec3m giao h\u00e0ng)<\/p>\n","protected":false},"featured_media":4224,"comment_status":"open","ping_status":"closed","template":"","meta":[],"product_brand":[],"product_cat":[35,107],"product_tag":[],"class_list":{"0":"post-4223","1":"product","2":"type-product","3":"status-publish","4":"has-post-thumbnail","6":"product_cat-san-pham-giong-cay-an-trai","7":"product_cat-giong-xoai","9":"first","10":"instock","11":"shipping-taxable","12":"purchasable","13":"product-type-simple"},"_links":{"self":[{"href":"https:\/\/ktech4.k-tech-services.com\/phucan713\/wp-json\/wp\/v2\/product\/4223","targetHints":{"allow":["GET"]}}],"collection":[{"href":"https:\/\/ktech4.k-tech-services.com\/phucan713\/wp-json\/wp\/v2\/product"}],"about":[{"href":"https:\/\/ktech4.k-tech-services.com\/phucan713\/wp-json\/wp\/v2\/types\/product"}],"replies":[{"embeddable":true,"href":"https:\/\/ktech4.k-tech-services.com\/phucan713\/wp-json\/wp\/v2\/comments?post=4223"}],"wp:featuredmedia":[{"embeddable":true,"href":"https:\/\/ktech4.k-tech-services.com\/phucan713\/wp-json\/wp\/v2\/media\/4224"}],"wp:attachment":[{"href":"https:\/\/ktech4.k-tech-services.com\/phucan713\/wp-json\/wp\/v2\/media?parent=4223"}],"wp:term":[{"taxonomy":"product_brand","embeddable":true,"href":"https:\/\/ktech4.k-tech-services.com\/phucan713\/wp-json\/wp\/v2\/product_brand?post=4223"},{"taxonomy":"product_cat","embeddable":true,"href":"https:\/\/ktech4.k-tech-services.com\/phucan713\/wp-json\/wp\/v2\/product_cat?post=4223"},{"taxonomy":"product_tag","embeddable":true,"href":"https:\/\/ktech4.k-tech-services.com\/phucan713\/wp-json\/wp\/v2\/product_tag?post=4223"}],"curies":[{"name":"wp","href":"https:\/\/api.w.org\/{rel}","templated":true}]}}