{"id":4225,"date":"2025-12-09T21:23:11","date_gmt":"2025-12-09T14:23:11","guid":{"rendered":"https:\/\/caygiongphucan.com\/?post_type=product&amp;p=4225"},"modified":"2025-12-09T21:23:11","modified_gmt":"2025-12-09T14:23:11","slug":"cay-cau-ta-trai-dai-lon-18-thang-tuoi","status":"publish","type":"product","link":"https:\/\/ktech4.k-tech-services.com\/phucan713\/san-pham\/cay-cau-ta-trai-dai-lon-18-thang-tuoi\/","title":{"rendered":"Gi\u1ed1ng Cau Ta Tr\u00e1i D\u00e0i L\u1edbn 18 Th\u00e1ng, L\u00f3ng 15-20cm, Cao 2m5 Lu\u00f4n Vu\u1ed1t L\u00e1"},"content":{"rendered":"<p>Tr\u01b0\u1edbc \u0111\u00e2y, \u00f4ng b\u00e0 ta th\u01b0\u1eddng c\u00f3 c\u00e2u &#8220;M\u01b0\u1eddi n\u0103m tr\u1ed3ng g\u1ed7, tr\u0103m n\u0103m tr\u1ed3ng ng\u01b0\u1eddi&#8221;, v\u00e0 tr\u1ed3ng cau c\u0169ng \u0111\u01b0\u1ee3c v\u00ed l\u00e0 lo\u1ea1i c\u00e2y &#8220;\u0103n ch\u1eafc m\u1eb7c b\u1ec1n&#8221; nh\u01b0ng ph\u1ea3i ch\u1edd \u0111\u1ee3i r\u1ea5t l\u00e2u (t\u1eeb 5-6 n\u0103m m\u1edbi c\u00f3 tr\u00e1i). Tuy nhi\u00ean, v\u1edbi C\u00e2y Cau Ta Tr\u00e1i D\u00e0i L\u1edbn 18 th\u00e1ng (d\u00f2ng tuy\u1ec3n ch\u1ecdn cao s\u1ea3n), b\u00e0 con ho\u00e0n to\u00e0n c\u00f3 th\u1ec3 r\u00fat ng\u1eafn th\u1eddi gian ki\u1ebfn thi\u1ebft xu\u1ed1ng ch\u1ec9 c\u00f2n h\u01a1n 1 n\u0103m r\u01b0\u1ee1i. \u0110\u00e2y l\u00e0 gi\u1ea3i ph\u00e1p l\u00e0m gi\u00e0u \u00edt t\u1ed1n k\u00e9m nh\u1ea5t, ph\u00f9 h\u1ee3p v\u1edbi m\u1ecdi \u0111i\u1ec1u ki\u1ec7n kinh t\u1ebf.<\/p>\n<p>Trong b\u00e0i vi\u1ebft n\u00e0y, C\u00e2y Gi\u1ed1ng Ph\u00fac An s\u1ebd chia s\u1ebb chi ti\u1ebft v\u1ec1 \u01b0u \u0111i\u1ec3m r\u00fat ng\u1eafn th\u1eddi gian thu ho\u1ea1ch v\u00e0 b\u00ed quy\u1ebft tr\u1ed3ng cau &#8220;si\u00eau ti\u1ebft ki\u1ec7m&#8221; \u0111\u1ec3 b\u00e0 con tham kh\u1ea3o.<\/p>\n<h2>Gi\u1edbi thi\u1ec7u v\u00e0 \u0111\u1eb7c \u0111i\u1ec3m n\u1ed5i b\u1eadt c\u1ee7a gi\u1ed1ng cau ta tr\u00e1i d\u00e0i<\/h2>\n<p>Cau ta tr\u00e1i d\u00e0i l\u00e0 gi\u1ed1ng cau truy\u1ec1n th\u1ed1ng c\u1ee7a Vi\u1ec7t Nam nh\u01b0ng \u0111\u01b0\u1ee3c tuy\u1ec3n ch\u1ecdn v\u00e0 lai t\u1ea1o theo h\u01b0\u1edbng cao s\u1ea3n (nhanh cho tr\u00e1i, n\u0103ng su\u1ea5t cao).<\/p>\n<h3>\u0110\u1eb7c \u0111i\u1ec3m h\u00ecnh th\u00e1i<\/h3>\n<p>Th\u00e2n c\u00e2y: C\u00e2y th\u00e2n c\u1ed9t th\u1eb3ng \u0111\u1ee9ng, \u0111\u1ed1t th\u01b0a. C\u00e2y c\u00f3 s\u1ee9c sinh tr\u01b0\u1edfng r\u1ea5t m\u1ea1nh, l\u1edbn nhanh h\u01a1n h\u1eb3n cau th\u01b0\u1eddng.<\/p>\n<p>\u0110\u1eb7c \u0111i\u1ec3m tr\u00e1i:<\/p>\n<ul>\n<li>Tr\u00e1i cau c\u00f3 h\u00ecnh d\u00e1ng thon d\u00e0i (h\u00ecnh gi\u1ecdt n\u01b0\u1edbc ho\u1eb7c tr\u00e1i xoan), kh\u00e1c v\u1edbi cau tr\u00e1i tr\u00f2n (cau v\u00fa b\u00f2).<\/li>\n<li>M\u00e0u s\u1eafc: V\u1ecf tr\u00e1i xanh b\u00f3ng, c\u1ee9ng c\u00e1p.<\/li>\n<li>\u01afu \u0111i\u1ec3m: T\u1ef7 l\u1ec7 \u0111\u1eadu tr\u00e1i r\u1ea5t cao. D\u00e1ng tr\u00e1i d\u00e0i r\u1ea5t \u0111\u1eb9p, \u0111\u00fang gu th\u1ecb hi\u1ebfu d\u00f9ng \u0111\u1ec3 th\u1eafp h\u01b0\u01a1ng, c\u01b0\u1edbi h\u1ecfi ho\u1eb7c s\u1ea5y kh\u00f4 xu\u1ea5t kh\u1ea9u sang Trung Qu\u1ed1c (th\u1ecb tr\u01b0\u1eddng n\u00e0y c\u1ef1c chu\u1ed9ng cau tr\u00e1i d\u00e0i).<\/li>\n<\/ul>\n<h3>\u0110\u1eb7c t\u00ednh sinh tr\u01b0\u1edfng<\/h3>\n<p>\u0110\u00e2y l\u00e0 gi\u1ed1ng cau &#8220;d\u1ec5 t\u00ednh&#8221; b\u1eadc nh\u1ea5t. C\u00e2y ch\u1ecbu \u0111\u01b0\u1ee3c \u0111\u1ea5t ph\u00e8n, \u0111\u1ea5t m\u1eb7n ven bi\u1ec3n v\u00e0 ch\u1ecbu h\u1ea1n c\u1ef1c t\u1ed1t. \u0110\u1eb7c bi\u1ec7t, c\u00e2y cau r\u1ea5t \u00edt khi b\u1ecb s\u00e2u b\u1ec7nh, gi\u00fap b\u00e0 con ti\u1ebft ki\u1ec7m g\u1ea7n nh\u01b0 100% chi ph\u00ed thu\u1ed1c b\u1ea3o v\u1ec7 th\u1ef1c v\u1eadt.<\/p>\n<h2>\u01afu \u0111i\u1ec3m tr\u1ed3ng c\u00e2y cau ta tr\u00e1i d\u00e0i l\u1edbn (18 th\u00e1ng tu\u1ed5i)<\/h2>\n<p>\u0110\u00f3 ch\u00ednh l\u00e0 r\u00fat ng\u1eafn th\u1eddi gian ch\u1edd \u0111\u1ee3i, ti\u1ebft ki\u1ec7m chi ph\u00ed ph\u00e2n thu\u1ed1c, nhanh thu h\u1ed3i v\u1ed1n v\u00e0 thu ho\u1ea1ch.<\/p>\n<p>Th\u1eddi gian ra hoa (Tr\u1ed5 m\u00e8o): N\u1ebfu b\u00e0 con tr\u1ed3ng c\u00e2y l\u1ee1 (t\u1eeb 1 n\u0103m r\u01b0\u1ee1i tr\u1edf l\u00ean): Th\u1eddi gian c\u00f3 th\u1ec3 r\u00fat ng\u1eafn ch\u1ec9 c\u00f2n t\u1ea7m 18-20 th\u00e1ng.<\/p>\n<p>So s\u00e1nh: So v\u1edbi c\u00e1c gi\u1ed1ng cau c\u0169 ph\u1ea3i \u0111\u1ee3i m\u00f2n m\u1ecfi 4-5 n\u0103m, tr\u1ed3ng c\u00e2y cau ta tr\u00e1i d\u00e0i 18 th\u00e1ng gi\u00fap b\u00e0 con thu h\u1ed3i v\u1ed1n nhanh g\u1ea5p \u0111\u00f4i, g\u1ea5p ba l\u1ea7n.<\/p>\n<h2>N\u0103ng su\u1ea5t v\u00e0 chu k\u1ef3 thu ho\u1ea1ch<\/h2>\n<p>\u0110\u1ed9 sai bu\u1ed3ng: Cau ta tr\u00e1i d\u00e0i l\u00e0 gi\u1ed1ng si\u00eau n\u0103ng su\u1ea5t. M\u1ed7i bu\u1ed3ng c\u00f3 th\u1ec3 \u0111\u1ea1t t\u1eeb 200 \u2013 300 tr\u00e1i, th\u1eadm ch\u00ed nh\u1eefng bu\u1ed3ng to n\u1eb7ng c\u1ea3 ch\u1ee5c k\u00fd.<\/p>\n<p>Chu k\u1ef3: C\u00e2y ra hoa li\u00ean t\u1ee5c. Tr\u00ean c\u00e2y th\u01b0\u1eddng xuy\u00ean c\u00f3 c\u00e1c l\u1ee9a: \u0111ang tr\u1ed5 b\u00f4ng, tr\u00e1i non v\u00e0 tr\u00e1i gi\u00e0. Trung b\u00ecnh m\u1ed7i c\u00e2y cho thu ho\u1ea1ch t\u1eeb 4 \u2013 6 bu\u1ed3ng\/n\u0103m.<\/p>\n<p>Tu\u1ed5i th\u1ecd: C\u00e2y cau c\u00f3 tu\u1ed5i th\u1ecd r\u1ea5t cao, tr\u1ed3ng m\u1ed9t l\u1ea7n \u0103n c\u1ea3 \u0111\u1eddi (20-30 n\u0103m), c\u00e0ng v\u1ec1 sau c\u00e2y c\u00e0ng cao th\u00ec n\u0103ng su\u1ea5t c\u00e0ng \u1ed5n \u0111\u1ecbnh.<\/p>\n<h2>K\u1ef9 thu\u1eadt tr\u1ed3ng v\u00e0 ch\u0103m s\u00f3c &#8220;si\u00eau ti\u1ebft ki\u1ec7m&#8221;<\/h2>\n<p>Tr\u1ed3ng cau \u0111\u01b0\u1ee3c m\u1ec7nh danh l\u00e0 m\u00f4 h\u00ecnh &#8220;l\u00e0m ch\u01a1i \u0103n th\u1eadt&#8221; v\u00ec chi ph\u00ed ch\u0103m s\u00f3c c\u1ef1c th\u1ea5p. C\u00e2y Gi\u1ed1ng Ph\u00fac An h\u01b0\u1edbng d\u1eabn b\u00e0 con c\u00e1ch tr\u1ed3ng \u0111\u1ec3 t\u1ed1i \u01b0u chi ph\u00ed nh\u1ea5t:<\/p>\n<h3>Chu\u1ea9n b\u1ecb \u0111\u1ea5t v\u00e0 m\u1eadt \u0111\u1ed9 tr\u1ed3ng<\/h3>\n<p>\u0110\u1ea5t tr\u1ed3ng: Cau kh\u00f4ng k\u00e9n \u0111\u1ea5t, t\u1eadn d\u1ee5ng \u0111\u01b0\u1ee3c \u0111\u1ea5t b\u1edd r\u00e0o, \u0111\u1ea5t l\u1ed1i \u0111i, \u0111\u1ea5t v\u01b0\u1eddn t\u1ea1p.<\/p>\n<p>M\u1eadt \u0111\u1ed9:<\/p>\n<ul>\n<li>Tr\u1ed3ng chuy\u00ean canh: Kho\u1ea3ng c\u00e1ch 2m x 2m (tr\u1ed3ng d\u00e0y \u0111\u1ec3 t\u1ed1i \u01b0u di\u1ec7n t\u00edch v\u00ec cau m\u1ecdc th\u1eb3ng, t\u00e1n l\u00e1 kh\u00f4ng che nhau nhi\u1ec1u).<\/li>\n<li>Tr\u1ed3ng xen canh: Tr\u1ed3ng l\u00e0m h\u00e0ng r\u00e0o bao quanh v\u01b0\u1eddn c\u00e2y \u0103n tr\u00e1i kh\u00e1c \u0111\u1ec3 ch\u1eafn gi\u00f3 v\u00e0 t\u0103ng th\u00eam thu nh\u1eadp (l\u1ea5y ng\u1eafn nu\u00f4i d\u00e0i).<\/li>\n<\/ul>\n<h3>Quy tr\u00ecnh b\u00f3n ph\u00e2n ti\u1ebft ki\u1ec7m t\u1ed1i \u0111a<\/h3>\n<p>Giai \u0111o\u1ea1n \u0111\u1ea7u: Ch\u1ec9 c\u1ea7n b\u00f3n l\u00f3t m\u1ed9t \u00edt ph\u00e2n chu\u1ed3ng hoai m\u1ee5c khi tr\u1ed3ng.<\/p>\n<p>Giai \u0111o\u1ea1n nu\u00f4i c\u00e2y: Cau ta tr\u00e1i d\u00e0i c\u00f3 b\u1ed9 r\u1ec5 ch\u00f9m \u0103n lan r\u1ea5t r\u1ed9ng, t\u1ef1 t\u00ecm ki\u1ebfm th\u1ee9c \u0103n r\u1ea5t gi\u1ecfi. B\u00e0 con g\u1ea7n nh\u01b0 kh\u00f4ng c\u1ea7n b\u00f3n ph\u00e2n h\u00f3a h\u1ecdc \u0111\u1eaft ti\u1ec1n.<\/p>\n<ul>\n<li>T\u1eadn d\u1ee5ng b\u00f9n ao b\u1ed3i v\u00e0o g\u1ed1c m\u1ed7i n\u0103m 1 l\u1ea7n.<\/li>\n<li>B\u00f3n ph\u00e2n h\u1eefu c\u01a1 t\u1eadn d\u1ee5ng (ph\u00e2n b\u00f2, r\u00e1c m\u1ee5c) 2 l\u1ea7n\/n\u0103m.<\/li>\n<\/ul>\n<p>M\u1eb9o nh\u1ecf: Ch\u1ec9 b\u00f3n th\u00eam m\u1ed9t \u00edt mu\u1ed1i \u0103n (NaCl) v\u00e0o g\u1ed1c m\u1ed7i n\u0103m \u0111\u1ec3 l\u00e1 xanh b\u1ec1n v\u00e0 tr\u00e1i \u0111\u1eadu nhi\u1ec1u h\u01a1n.<\/p>\n<p>Chi ph\u00ed: C\u00f3 th\u1ec3 n\u00f3i chi ph\u00ed ph\u00e2n b\u00f3n cho c\u00e2y cau ch\u1ec9 b\u1eb1ng 1\/10 so v\u1edbi tr\u1ed3ng cam, b\u01b0\u1edfi hay s\u1ea7u ri\u00eang.<\/p>\n<h3>Qu\u1ea3n l\u00fd n\u01b0\u1edbc t\u01b0\u1edbi v\u00e0 s\u00e2u b\u1ec7nh<\/h3>\n<p>S\u00e2u b\u1ec7nh: Cau g\u1ea7n nh\u01b0 kh\u00f4ng c\u00f3 s\u00e2u b\u1ec7nh. B\u00e0 con kh\u00f4ng c\u1ea7n t\u1ed1n ti\u1ec1n mua thu\u1ed1c tr\u1eeb s\u00e2u.<\/p>\n<p>N\u01b0\u1edbc t\u01b0\u1edbi: C\u00e2y ch\u1ecbu h\u1ea1n r\u1ea5t t\u1ed1t. Ch\u1ec9 c\u1ea7n t\u01b0\u1edbi n\u01b0\u1edbc khi c\u00e2y c\u00f2n nh\u1ecf. Khi c\u00e2y \u0111\u00e3 l\u1edbn th\u00ec ho\u00e0n to\u00e0n ph\u1ee5 thu\u1ed9c v\u00e0o n\u01b0\u1edbc tr\u1eddi, gi\u00fap ti\u1ebft ki\u1ec7m c\u00f4ng t\u01b0\u1edbi v\u00e0 ti\u1ec1n \u0111i\u1ec7n n\u01b0\u1edbc.<\/p>\n<h2>Mua c\u00e2y cau ta tr\u00e1i d\u00e0i l\u1edbn \u1edf \u0111\u00e2u uy t\u00edn?<\/h2>\n<p>C\u00e2y Gi\u1ed1ng Ph\u00fac An t\u1ef1 h\u00e0o l\u00e0 \u0111\u01a1n v\u1ecb cung c\u1ea5p c\u00e2y gi\u1ed1ng v\u00e0 c\u00e2y l\u1edbn uy t\u00edn, \u0111\u01b0\u1ee3c nhi\u1ec1u b\u00e0 con tin t\u01b0\u1edfng. C\u00e2y cau ta tr\u00e1i d\u00e0i 18 th\u00e1ng tu\u1ed5i do Ph\u00fac An cung c\u1ea5p l\u00e0 c\u00e2y kh\u1ecfe m\u1ea1nh, xanh t\u1ed1t, tr\u1ef1c ti\u1ebfp t\u1eeb v\u01b0\u1eddn \u0111\u1ebfn tay qu\u00fd kh\u00e1ch h\u00e0ng. Ch\u00fang t\u00f4i c\u00f3 h\u01b0\u1edbng d\u1eabn ch\u0103m s\u00f3c khi m\u1edbi tr\u1ed3ng, c\u00e1ch tr\u1ed3ng \u0111\u00fang, gi\u1eef t\u1ec9 l\u1ec7 s\u1ed1ng t\u1ed1i \u0111a.<\/p>\n<p>Qu\u00fd c\u00f4 b\u00e1c c\u00f3 th\u1ec3 li\u00ean h\u1ec7 tr\u1ef1c ti\u1ebfp qua SDT\/ Zalo 0962.888.014 (<a href=\"http:\/\/localhost\/phucan713\/\" target=\"_blank\" rel=\"noopener\">C\u00e2y Gi\u1ed1ng Ph\u00fac An<\/a>) \u0111\u1ec3 ch\u00fang t\u00f4i t\u01b0 v\u1ea5n v\u00e0 b\u00e1o gi\u00e1 c\u1ee5 th\u1ec3. Xin c\u1ea3m \u01a1n qu\u00fd c\u00f4 b\u00e1c \u0111\u00e3 \u0111\u1eb7t ni\u1ec1m tin v\u1edbi nh\u00e0 v\u01b0\u1eddn.<\/p>\n<p><span style=\"color: #000080;\"><em><strong>&gt; M\u1eddi b\u1ea1n xem th\u00eam: <a style=\"color: #000080;\" href=\"https:\/\/danviet.vn\/lang-trong-cau-nhieu-nhat-nam-dinh-gia-cau-tuoi-tang-chong-mat-dan-trung-lon-om-cuc-tien-to-20241009143540644-d1188630.html\" target=\"_blank\" rel=\"noopener\">L\u00e0ng tr\u1ed3ng cau nhi\u1ec1u nh\u1ea5t Nam \u0110\u1ecbnh: Gi\u00e1 cau t\u01b0\u01a1i t\u0103ng ch\u00f3ng m\u1eb7t, d\u00e2n tr\u00fang l\u1edbn, nh\u00e0 n\u00e0o c\u0169ng vui<\/a><\/strong><\/em><\/span><\/p>\n","protected":false},"excerpt":{"rendered":"<p>* Gi\u00e1 tham kh\u1ea3o cho s\u1ed1 l\u01b0\u1ee3ng t\u1eeb 30 c\u00e2y, c\u00f3 th\u1ec3 thay \u0111\u1ed5i theo th\u1eddi \u0111i\u1ec3m<br \/>\n* Ch\u01b0a bao g\u1ed3m ph\u00ed v\u1eadn chuy\u1ec3n (t\u00f9y theo s\u1ed1 l\u01b0\u1ee3ng c\u00e2y v\u00e0 \u0111\u1ecba \u0111i\u1ec3m giao h\u00e0ng)<\/p>\n","protected":false},"featured_media":4253,"comment_status":"open","ping_status":"closed","template":"","meta":[],"product_brand":[],"product_cat":[36],"product_tag":[],"class_list":{"0":"post-4225","1":"product","2":"type-product","3":"status-publish","4":"has-post-thumbnail","6":"product_cat-cay-an-trai-lon","8":"first","9":"instock","10":"shipping-taxable","11":"purchasable","12":"product-type-simple"},"_links":{"self":[{"href":"https:\/\/ktech4.k-tech-services.com\/phucan713\/wp-json\/wp\/v2\/product\/4225","targetHints":{"allow":["GET"]}}],"collection":[{"href":"https:\/\/ktech4.k-tech-services.com\/phucan713\/wp-json\/wp\/v2\/product"}],"about":[{"href":"https:\/\/ktech4.k-tech-services.com\/phucan713\/wp-json\/wp\/v2\/types\/product"}],"replies":[{"embeddable":true,"href":"https:\/\/ktech4.k-tech-services.com\/phucan713\/wp-json\/wp\/v2\/comments?post=4225"}],"wp:featuredmedia":[{"embeddable":true,"href":"https:\/\/ktech4.k-tech-services.com\/phucan713\/wp-json\/wp\/v2\/media\/4253"}],"wp:attachment":[{"href":"https:\/\/ktech4.k-tech-services.com\/phucan713\/wp-json\/wp\/v2\/media?parent=4225"}],"wp:term":[{"taxonomy":"product_brand","embeddable":true,"href":"https:\/\/ktech4.k-tech-services.com\/phucan713\/wp-json\/wp\/v2\/product_brand?post=4225"},{"taxonomy":"product_cat","embeddable":true,"href":"https:\/\/ktech4.k-tech-services.com\/phucan713\/wp-json\/wp\/v2\/product_cat?post=4225"},{"taxonomy":"product_tag","embeddable":true,"href":"https:\/\/ktech4.k-tech-services.com\/phucan713\/wp-json\/wp\/v2\/product_tag?post=4225"}],"curies":[{"name":"wp","href":"https:\/\/api.w.org\/{rel}","templated":true}]}}