{"id":4268,"date":"2025-12-11T10:13:18","date_gmt":"2025-12-11T03:13:18","guid":{"rendered":"https:\/\/caygiongphucan.com\/?post_type=product&amp;p=4268"},"modified":"2025-12-11T10:13:18","modified_gmt":"2025-12-11T03:13:18","slug":"giong-chanh-vang-my","status":"publish","type":"product","link":"https:\/\/ktech4.k-tech-services.com\/phucan713\/san-pham\/giong-chanh-vang-my\/","title":{"rendered":"C\u00e2y gi\u1ed1ng chanh v\u00e0ng m\u1ef9"},"content":{"rendered":"<p>Kh\u00e1c v\u1edbi chanh ta v\u1ecf xanh, v\u1ecb chua g\u1eaft, Gi\u1ed1ng Chanh V\u00e0ng M\u1ef9 (Chanh T\u00e2y) g\u00e2y \u1ea5n t\u01b0\u1ee3ng b\u1edfi k\u00edch th\u01b0\u1edbc tr\u00e1i to, m\u00e0u v\u00e0ng r\u1ef1c r\u1ee1 v\u00e0 h\u01b0\u01a1ng th\u01a1m v\u00f4 c\u00f9ng quy\u1ebfn r\u0169. \u0110\u00e2y l\u00e0 nguy\u00ean li\u1ec7u kh\u00f4ng th\u1ec3 thi\u1ebfu trong c\u00e1c m\u00f3n \u00c2u v\u00e0 \u0111\u1ed3 u\u1ed1ng gi\u1ea3i kh\u00e1t hi\u1ec7n \u0111\u1ea1i. Nh\u1edd gi\u00e1 tr\u1ecb kinh t\u1ebf v\u01b0\u1ee3t tr\u1ed9i v\u00e0 kh\u1ea3 n\u0103ng ra tr\u00e1i quanh n\u0103m, chanh v\u00e0ng M\u1ef9 \u0111ang \u0111\u01b0\u1ee3c nhi\u1ec1u nh\u00e0 v\u01b0\u1eddn l\u1ef1a ch\u1ecdn \u0111\u1ec3 canh t\u00e1c.<\/p>\n<p><iframe loading=\"lazy\" title=\"C\u00e2y Gi\u1ed1ng Chanh V\u00e0ng M\u1ef9 H\u00e0ng \u0110\u1eb9p Gi\u00e1 M\u1ec1m T\u1ea1i V\u01b0\u1eddn\" width=\"563\" height=\"1000\" src=\"https:\/\/www.youtube.com\/embed\/OOQgrDjQe4Y?feature=oembed\" frameborder=\"0\" allow=\"accelerometer; autoplay; clipboard-write; encrypted-media; gyroscope; picture-in-picture; web-share\" referrerpolicy=\"strict-origin-when-cross-origin\" allowfullscreen><\/iframe><\/p>\n<h2>Gi\u1edbi thi\u1ec7u v\u00e0 \u0110\u1eb7c \u0111i\u1ec3m n\u1ed5i b\u1eadt c\u1ee7a Gi\u1ed1ng Chanh V\u00e0ng M\u1ef9<\/h2>\n<p>Chanh v\u00e0ng M\u1ef9 (t\u00ean khoa h\u1ecdc <em>Citrus limon<\/em>) l\u00e0 gi\u1ed1ng chanh ngo\u1ea1i nh\u1eadp, th\u01b0\u1eddng \u0111\u01b0\u1ee3c g\u1ecdi d\u00e2n d\u00e3 l\u00e0 chanh T\u00e2y.<\/p>\n<figure id=\"attachment_4277\" aria-describedby=\"caption-attachment-4277\" style=\"width: 600px\" class=\"wp-caption aligncenter\"><img loading=\"lazy\" decoding=\"async\" class=\"wp-image-4277\" src=\"http:\/\/localhost\/phucan713\/wp-content\/uploads\/2025\/12\/shutterstock_2621791047-2.jpg\" alt=\"Chanh v\u00e0ng m\u1ef9 c\u00f3 m\u00e0u s\u1eafc r\u1ea5t \u0111\u1eb9p\" width=\"600\" height=\"400\" srcset=\"https:\/\/ktech4.k-tech-services.com\/phucan713\/wp-content\/uploads\/2025\/12\/shutterstock_2621791047-2.jpg 800w, https:\/\/ktech4.k-tech-services.com\/phucan713\/wp-content\/uploads\/2025\/12\/shutterstock_2621791047-2-300x200.jpg 300w, https:\/\/ktech4.k-tech-services.com\/phucan713\/wp-content\/uploads\/2025\/12\/shutterstock_2621791047-2-768x512.jpg 768w, https:\/\/ktech4.k-tech-services.com\/phucan713\/wp-content\/uploads\/2025\/12\/shutterstock_2621791047-2-510x340.jpg 510w\" sizes=\"auto, (max-width: 600px) 100vw, 600px\" \/><figcaption id=\"caption-attachment-4277\" class=\"wp-caption-text\">Chanh v\u00e0ng m\u1ef9 c\u00f3 m\u00e0u s\u1eafc r\u1ea5t \u0111\u1eb9p<\/figcaption><\/figure>\n<h3>\u0110\u1eb7c \u0111i\u1ec3m h\u00ecnh th\u00e1i<\/h3>\n<p>Th\u00e2n v\u00e0 l\u00e1:<\/p>\n<ul>\n<li>C\u00e2y th\u00e2n g\u1ed7, d\u1ea1ng b\u1ee5i, chi\u1ec1u cao trung b\u00ecnh t\u1eeb 3m \u2013 4m.<\/li>\n<li>C\u00e2y c\u00f3 gai nh\u01b0ng \u00edt v\u00e0 nh\u1ecf h\u01a1n chanh ta. L\u00e1 chanh v\u00e0ng M\u1ef9 to, m\u00e9p l\u00e1 c\u00f3 r\u0103ng c\u01b0a, m\u00e0u xanh \u0111\u1eadm.<\/li>\n<\/ul>\n<p>\u0110\u1eb7c \u0111i\u1ec3m tr\u00e1i:<\/p>\n<ul>\n<li>H\u00ecnh d\u00e1ng: Tr\u00e1i to, h\u00ecnh b\u1ea7u d\u1ee5c, ph\u1ea7n \u0111u\u00f4i tr\u00e1i th\u01b0\u1eddng c\u00f3 c\u00e1i n\u00fam l\u1ed3i ra r\u1ea5t \u0111\u1eb7c tr\u01b0ng.<\/li>\n<li>M\u00e0u s\u1eafc: Khi non tr\u00e1i m\u00e0u xanh, khi ch\u00edn v\u1ecf chuy\u1ec3n sang m\u00e0u v\u00e0ng t\u01b0\u01a1i r\u1ea5t \u0111\u1eb9p.<\/li>\n<li>C\u1ea5u tr\u00fac: V\u1ecf tr\u00e1i kh\u00e1 d\u00e0y (ch\u1ee9a nhi\u1ec1u tinh d\u1ea7u th\u01a1m), \u00edt h\u1ea1t ho\u1eb7c kh\u00f4ng h\u1ea1t.<\/li>\n<\/ul>\n<p>H\u01b0\u01a1ng v\u1ecb: V\u1ecb chua thanh, d\u1ecbu nh\u1eb9 ch\u1ee9 kh\u00f4ng chua g\u1eaft nh\u01b0 chanh xanh. \u0110\u1eb7c bi\u1ec7t, h\u01b0\u01a1ng th\u01a1m c\u1ee7a chanh v\u00e0ng M\u1ef9 r\u1ea5t n\u1ed3ng n\u00e0n, sang tr\u1ecdng, th\u01b0\u1eddng d\u00f9ng \u0111\u1ec3 l\u1ea5y v\u1ecf l\u00e0m b\u00e1nh ho\u1eb7c pha ch\u1ebf.<\/p>\n<figure id=\"attachment_4274\" aria-describedby=\"caption-attachment-4274\" style=\"width: 600px\" class=\"wp-caption aligncenter\"><img loading=\"lazy\" decoding=\"async\" class=\"wp-image-4274\" src=\"http:\/\/localhost\/phucan713\/wp-content\/uploads\/2025\/12\/chanh-vang-my1.jpg\" alt=\"gi\u1ed1ng chanh v\u00e0ng m\u1ef9-c\u00e2y gi\u1ed1ng ph\u00fac an\" width=\"600\" height=\"400\" srcset=\"https:\/\/ktech4.k-tech-services.com\/phucan713\/wp-content\/uploads\/2025\/12\/chanh-vang-my1.jpg 500w, https:\/\/ktech4.k-tech-services.com\/phucan713\/wp-content\/uploads\/2025\/12\/chanh-vang-my1-300x200.jpg 300w\" sizes=\"auto, (max-width: 600px) 100vw, 600px\" \/><figcaption id=\"caption-attachment-4274\" class=\"wp-caption-text\">\u1ee8ng d\u1ee5ng \u0111a d\u1ea1ng trong pha ch\u1ebf v\u00e0 n\u1ea5u \u0103n<\/figcaption><\/figure>\n<h3>\u0110\u1eb7c t\u00ednh sinh tr\u01b0\u1edfng<\/h3>\n<p>C\u00e2y th\u00edch nghi r\u1ea5t t\u1ed1t v\u1edbi kh\u00ed h\u1eadu nhi\u1ec7t \u0111\u1edbi c\u1ee7a Vi\u1ec7t Nam. S\u1ee9c sinh tr\u01b0\u1edfng kh\u1ecfe, ch\u1ecbu h\u1ea1n t\u1ed1t v\u00e0 \u0111\u1eb7c bi\u1ec7t l\u00e0 ra hoa \u0111\u1eadu tr\u00e1i li\u00ean t\u1ee5c quanh n\u0103m (t\u1ee9 qu\u00fd).<\/p>\n<h2>Chanh v\u00e0ng M\u1ef9 tr\u1ed3ng bao l\u00e2u c\u00f3 tr\u00e1i?<\/h2>\n<p>C\u0169ng nh\u01b0 c\u00e1c lo\u1ea1i c\u00e2y c\u00f3 m\u00fai kh\u00e1c, chanh v\u00e0ng M\u1ef9 cho thu ho\u1ea1ch kh\u00e1 s\u1edbm:<\/p>\n<p>Th\u1eddi gian cho tr\u00e1i: N\u1ebfu tr\u1ed3ng t\u1eeb c\u00e2y chi\u1ebft ho\u1eb7c c\u00e2y gh\u00e9p kh\u1ecfe m\u1ea1nh, ch\u1ec9 sau kho\u1ea3ng 18 \u2013 24 th\u00e1ng (1.5 \u2013 2 n\u0103m) ch\u0103m s\u00f3c l\u00e0 c\u00e2y b\u1eaft \u0111\u1ea7u cho tr\u00e1i chi\u1ebfn.<\/p>\n<p>L\u1ee3i th\u1ebf: C\u00e2y ph\u00e1t tri\u1ec3n t\u00e1n r\u1ea5t nhanh. N\u1ebfu tr\u1ed3ng ch\u1eadu l\u00e0m c\u1ea3nh, c\u00e2y c\u0169ng ra tr\u00e1i r\u1ea5t sai, v\u1eeba \u0103n v\u1eeba ng\u1eafm r\u1ea5t \u0111\u1eb9p.<\/p>\n<figure id=\"attachment_4275\" aria-describedby=\"caption-attachment-4275\" style=\"width: 600px\" class=\"wp-caption aligncenter\"><img loading=\"lazy\" decoding=\"async\" class=\"wp-image-4275\" src=\"http:\/\/localhost\/phucan713\/wp-content\/uploads\/2025\/12\/vuon-chanh-my-chavi-garden.jpg\" alt=\"gi\u1ed1ng chanh v\u00e0ng m\u1ef9-c\u00e2y gi\u1ed1ng ph\u00fac an\" width=\"600\" height=\"400\" srcset=\"https:\/\/ktech4.k-tech-services.com\/phucan713\/wp-content\/uploads\/2025\/12\/vuon-chanh-my-chavi-garden.jpg 660w, https:\/\/ktech4.k-tech-services.com\/phucan713\/wp-content\/uploads\/2025\/12\/vuon-chanh-my-chavi-garden-300x200.jpg 300w, https:\/\/ktech4.k-tech-services.com\/phucan713\/wp-content\/uploads\/2025\/12\/vuon-chanh-my-chavi-garden-510x340.jpg 510w\" sizes=\"auto, (max-width: 600px) 100vw, 600px\" \/><figcaption id=\"caption-attachment-4275\" class=\"wp-caption-text\">Chanh v\u00e0ng m\u1ef9 ph\u00e1t tri\u1ec3n t\u1ed1t t\u1ea1i Vi\u1ec7t Nam<\/figcaption><\/figure>\n<h2>Chu k\u1ef3 ra hoa v\u00e0 thu ho\u1ea1ch<\/h2>\n<p>M\u00f9a v\u1ee5: Chanh v\u00e0ng M\u1ef9 l\u00e0 gi\u1ed1ng ra tr\u00e1i quanh n\u0103m. Tr\u00ean c\u00e2y l\u00fac n\u00e0o c\u0169ng c\u00f3 hoa, tr\u00e1i non v\u00e0 tr\u00e1i ch\u00edn g\u1ed1i \u0111\u1ea7u nhau.<\/p>\n<p>Th\u1eddi gian nu\u00f4i tr\u00e1i: T\u1eeb l\u00fac ra hoa \u0111\u1ebfn khi tr\u00e1i ch\u00edn v\u00e0ng thu ho\u1ea1ch \u0111\u01b0\u1ee3c m\u1ea5t kho\u1ea3ng 3 \u2013 4 th\u00e1ng.<\/p>\n<p>Thu ho\u1ea1ch: Khi v\u1ecf tr\u00e1i chuy\u1ec3n sang m\u00e0u v\u00e0ng t\u01b0\u01a1i ho\u00e0n to\u00e0n l\u00e0 l\u00fac h\u00e0m l\u01b0\u1ee3ng tinh d\u1ea7u v\u00e0 n\u01b0\u1edbc c\u1ed1t \u0111\u1ea1t chu\u1ea9n nh\u1ea5t.<\/p>\n<h2>N\u0103ng su\u1ea5t gi\u1ed1ng chanh v\u00e0ng M\u1ef9<\/h2>\n<p>D\u00f9 l\u00e0 gi\u1ed1ng ngo\u1ea1i nh\u01b0ng n\u0103ng su\u1ea5t c\u1ee7a chanh v\u00e0ng M\u1ef9 khi tr\u1ed3ng t\u1ea1i Vi\u1ec7t Nam r\u1ea5t \u1ea5n t\u01b0\u1ee3ng:<\/p>\n<p>Tr\u1ecdng l\u01b0\u1ee3ng tr\u00e1i: Tr\u00e1i r\u1ea5t to, trung b\u00ecnh t\u1eeb 7 \u2013 9 tr\u00e1i\/kg.<\/p>\n<p>S\u1ea3n l\u01b0\u1ee3ng:<\/p>\n<ul>\n<li>C\u00e2y n\u0103m th\u1ee9 2-3: C\u00f3 th\u1ec3 cho t\u1eeb 20 \u2013 30kg tr\u00e1i\/c\u00e2y\/n\u0103m.<\/li>\n<li>C\u00e2y tr\u01b0\u1edfng th\u00e0nh: N\u0103ng su\u1ea5t c\u00f3 th\u1ec3 \u0111\u1ea1t t\u1eeb 60 \u2013 100kg\/c\u00e2y\/n\u0103m.<\/li>\n<\/ul>\n<p>Gi\u00e1 tr\u1ecb kinh t\u1ebf: Gi\u00e1 chanh v\u00e0ng M\u1ef9 lu\u00f4n cao g\u1ea5p 3-4 l\u1ea7n chanh ta (th\u01b0\u1eddng dao \u0111\u1ed9ng t\u1eeb 60.000\u0111 &#8211; 100.000\u0111\/kg t\u00f9y th\u1eddi \u0111i\u1ec3m), mang l\u1ea1i doanh thu l\u1edbn cho nh\u00e0 v\u01b0\u1eddn.<\/p>\n<h2>K\u1ef9 thu\u1eadt tr\u1ed3ng v\u00e0 Ch\u0103m s\u00f3c theo h\u01b0\u1edbng B\u1ec1n v\u1eefng<\/h2>\n<p>\u0110\u1ec3 tr\u00e1i chanh v\u00e0ng \u00f3ng, v\u1ecf b\u00f3ng \u0111\u1eb9p v\u00e0 kh\u00f4ng b\u1ecb b\u1ec7nh gh\u1ebb, C\u00e2y Gi\u1ed1ng Ph\u00fac An l\u01b0u \u00fd b\u00e0 con c\u00e1c k\u1ef9 thu\u1eadt sau:<\/p>\n<h3>Chu\u1ea9n b\u1ecb \u0111\u1ea5t v\u00e0 m\u1eadt \u0111\u1ed9 tr\u1ed3ng<\/h3>\n<p>\u0110\u1ea5t tr\u1ed3ng: C\u00e2y \u01b0a \u0111\u1ea5t t\u01a1i x\u1ed1p, tho\u00e1t n\u01b0\u1edbc t\u1ed1t. N\u1ebfu tr\u1ed3ng v\u00f9ng \u0111\u1ea5t th\u1ea5p ph\u1ea3i l\u00ean m\u00f4 cao \u0111\u1ec3 tr\u00e1nh th\u1ed1i r\u1ec5.<\/p>\n<p>M\u1eadt \u0111\u1ed9: Tr\u1ed3ng kho\u1ea3ng c\u00e1ch 3m x 4m ho\u1eb7c 4m x 4m.<\/p>\n<p>Tr\u1ed3ng ch\u1eadu: Chanh v\u00e0ng M\u1ef9 tr\u1ed3ng ch\u1eadu r\u1ea5t t\u1ed1t. C\u1ea7n ch\u1ecdn ch\u1eadu k\u00edch th\u01b0\u1edbc l\u1edbn (\u0111\u01b0\u1eddng k\u00ednh &gt;50cm) v\u00e0 l\u1ed7 tho\u00e1t n\u01b0\u1edbc th\u00f4ng tho\u00e1ng.<\/p>\n<h3>Quy tr\u00ecnh b\u00f3n ph\u00e2n (K\u1ebft h\u1ee3p H\u1eefu c\u01a1 &amp; H\u00f3a h\u1ecdc)<\/h3>\n<p>B\u00f3n l\u00f3t: D\u00f9ng ph\u00e2n chu\u1ed3ng hoai m\u1ee5c (b\u00f2, g\u00e0) + L\u00e2n v\u00f4i b\u00f3n l\u00f3t.<\/p>\n<p>Giai \u0111o\u1ea1n nu\u00f4i tr\u00e1i:<\/p>\n<ul>\n<li>Chanh ra tr\u00e1i quanh n\u0103m n\u00ean c\u1ea7n \u0103n li\u00ean t\u1ee5c. B\u00f3n ph\u00e2n \u0111\u1ecbnh k\u1ef3 1 th\u00e1ng\/l\u1ea7n.<\/li>\n<li>Quan tr\u1ecdng: \u0110\u1ec3 v\u1ecf chanh c\u00f3 m\u00e0u v\u00e0ng \u0111\u1eb9p v\u00e0 th\u01a1m, b\u00e0 con c\u1ea7n ch\u00fa \u00fd b\u00f3n \u0111\u1ee7 Kali v\u00e0 c\u00e1c vi l\u01b0\u1ee3ng (Magie, K\u1ebdm).<\/li>\n<li>K\u1ebft h\u1ee3p b\u00f3n ph\u00e2n h\u1eefu c\u01a1 vi sinh \u0111\u1ec3 \u0111\u1ea5t kh\u00f4ng b\u1ecb chai, gi\u00fap c\u00e2y b\u1ec1n s\u1ee9c.<\/li>\n<\/ul>\n<h3>Qu\u1ea3n l\u00fd n\u01b0\u1edbc t\u01b0\u1edbi v\u00e0 s\u00e2u b\u1ec7nh<\/h3>\n<p>S\u00e2u b\u1ec7nh:<\/p>\n<ul>\n<li>S\u00e2u v\u1ebd b\u00f9a: G\u00e2y h\u1ea1i tr\u00ean l\u00e1 non, l\u00e0m l\u00e1 xo\u0103n v\u00e0 k\u00e9m ph\u00e1t tri\u1ec3n. Phun ph\u00f2ng ng\u1eeba m\u1ed7i khi c\u00e2y ra \u0111\u1ecdt non.<\/li>\n<li>B\u1ec7nh gh\u1ebb nh\u00e1m: L\u00e0m v\u1ecf tr\u00e1i b\u1ecb s\u1ea7n s\u00f9i, m\u1ea5t gi\u00e1 tr\u1ecb. C\u1ea7n phun c\u00e1c lo\u1ea1i thu\u1ed1c g\u1ed1c \u0110\u1ed3ng \u0111\u1ec3 ph\u00f2ng tr\u1ecb n\u1ea5m.<\/li>\n<\/ul>\n<p>N\u01b0\u1edbc t\u01b0\u1edbi: C\u1ea7n t\u01b0\u1edbi \u0111\u1ee7 n\u01b0\u1edbc, nh\u1ea5t l\u00e0 m\u00f9a kh\u00f4. Thi\u1ebfu n\u01b0\u1edbc tr\u00e1i s\u1ebd nh\u1ecf, v\u1ecf d\u00e0y v\u00e0 \u00edt n\u01b0\u1edbc.<\/p>\n<h2>Mua gi\u1ed1ng Chanh V\u00e0ng M\u1ef9 \u1edf \u0111\u00e2u uy t\u00edn?<\/h2>\n<p>C\u00e2y Gi\u1ed1ng Ph\u00fac An t\u1ef1 h\u00e0o l\u00e0 \u0111\u01a1n v\u1ecb cung c\u1ea5p c\u00e2y gi\u1ed1ng uy t\u00edn, \u0111\u01b0\u1ee3c nhi\u1ec1u b\u00e0 con tin t\u01b0\u1edfng:<\/p>\n<p><iframe loading=\"lazy\" title=\"C\u00e2y Gi\u1ed1ng Chanh V\u00e0ng M\u1ef9 H\u00e0ng \u0110\u1eb9p Gi\u00e1 M\u1ec1m T\u1ea1i V\u01b0\u1eddn\" width=\"563\" height=\"1000\" src=\"https:\/\/www.youtube.com\/embed\/OOQgrDjQe4Y?feature=oembed\" frameborder=\"0\" allow=\"accelerometer; autoplay; clipboard-write; encrypted-media; gyroscope; picture-in-picture; web-share\" referrerpolicy=\"strict-origin-when-cross-origin\" allowfullscreen><\/iframe><\/p>\n<p>Chu\u1ea9n gi\u1ed1ng: C\u00e2y gi\u1ed1ng \u0111\u01b0\u1ee3c chi\u1ebft\/gh\u00e9p t\u1eeb nh\u1eefng c\u00e2y m\u1eb9 \u0111\u00fang gi\u1ed1ng, kh\u1ecfe m\u1ea1nh, \u0111\u00e3 \u0111\u01b0\u1ee3c tuy\u1ec3n ch\u1ecdn k\u1ef9 l\u01b0\u1ee1ng. C\u00e2y tr\u1ea3i qua quy tr\u00ecnh nh\u00e2n gi\u1ed1ng, d\u01b0\u1ee1ng c\u00e2y con, x\u1ea3 n\u1eafng ho\u00e0n ch\u1ec9nh. \u0110\u1ebfn tay c\u00f4 b\u00e1c s\u1ebd l\u00e0 t\u1eebng c\u00e2y \u0111\u00e3 c\u1ee9ng c\u00e1p \u0111\u00e3 ra c\u01a1i ch\u1ed3i m\u1edbi.<\/p>\n<p>Qu\u00fd c\u00f4 b\u00e1c c\u00f3 th\u1ec3 li\u00ean h\u1ec7 tr\u1ef1c ti\u1ebfp qua SDT\/ Zalo 0962.888.014 (C\u00e2y Gi\u1ed1ng Ph\u00fac An) \u0111\u1ec3 ch\u00fang t\u00f4i t\u01b0 v\u1ea5n v\u00e0 b\u00e1o gi\u00e1 c\u1ee5 th\u1ec3. Xin c\u1ea3m \u01a1n qu\u00fd c\u00f4 b\u00e1c \u0111\u00e3 \u0111\u1eb7t ni\u1ec1m tin v\u1edbi nh\u00e0 v\u01b0\u1eddn.<\/p>\n","protected":false},"excerpt":{"rendered":"<p>* Gi\u00e1 tham kh\u1ea3o cho s\u1ed1 l\u01b0\u1ee3ng t\u1eeb 30 c\u00e2y, c\u00f3 th\u1ec3 thay \u0111\u1ed5i theo th\u1eddi \u0111i\u1ec3m<br \/>\n* Ch\u01b0a bao g\u1ed3m ph\u00ed v\u1eadn chuy\u1ec3n (t\u00f9y theo s\u1ed1 l\u01b0\u1ee3ng c\u00e2y v\u00e0 \u0111\u1ecba \u0111i\u1ec3m giao h\u00e0ng)<\/p>\n","protected":false},"featured_media":4270,"comment_status":"open","ping_status":"closed","template":"","meta":[],"product_brand":[],"product_cat":[35,117],"product_tag":[],"class_list":{"0":"post-4268","1":"product","2":"type-product","3":"status-publish","4":"has-post-thumbnail","6":"product_cat-san-pham-giong-cay-an-trai","7":"product_cat-cay-co-mui","9":"first","10":"instock","11":"shipping-taxable","12":"purchasable","13":"product-type-simple"},"_links":{"self":[{"href":"https:\/\/ktech4.k-tech-services.com\/phucan713\/wp-json\/wp\/v2\/product\/4268","targetHints":{"allow":["GET"]}}],"collection":[{"href":"https:\/\/ktech4.k-tech-services.com\/phucan713\/wp-json\/wp\/v2\/product"}],"about":[{"href":"https:\/\/ktech4.k-tech-services.com\/phucan713\/wp-json\/wp\/v2\/types\/product"}],"replies":[{"embeddable":true,"href":"https:\/\/ktech4.k-tech-services.com\/phucan713\/wp-json\/wp\/v2\/comments?post=4268"}],"wp:featuredmedia":[{"embeddable":true,"href":"https:\/\/ktech4.k-tech-services.com\/phucan713\/wp-json\/wp\/v2\/media\/4270"}],"wp:attachment":[{"href":"https:\/\/ktech4.k-tech-services.com\/phucan713\/wp-json\/wp\/v2\/media?parent=4268"}],"wp:term":[{"taxonomy":"product_brand","embeddable":true,"href":"https:\/\/ktech4.k-tech-services.com\/phucan713\/wp-json\/wp\/v2\/product_brand?post=4268"},{"taxonomy":"product_cat","embeddable":true,"href":"https:\/\/ktech4.k-tech-services.com\/phucan713\/wp-json\/wp\/v2\/product_cat?post=4268"},{"taxonomy":"product_tag","embeddable":true,"href":"https:\/\/ktech4.k-tech-services.com\/phucan713\/wp-json\/wp\/v2\/product_tag?post=4268"}],"curies":[{"name":"wp","href":"https:\/\/api.w.org\/{rel}","templated":true}]}}