{"id":4931,"date":"2026-03-16T11:52:15","date_gmt":"2026-03-16T04:52:15","guid":{"rendered":"https:\/\/caygiongphucan.com\/?post_type=product&amp;p=4931"},"modified":"2026-03-16T11:52:15","modified_gmt":"2026-03-16T04:52:15","slug":"cay-giong-buoi-da-xanh-ben-tre","status":"publish","type":"product","link":"https:\/\/ktech4.k-tech-services.com\/phucan713\/san-pham\/cay-giong-buoi-da-xanh-ben-tre\/","title":{"rendered":"C\u00e2y gi\u1ed1ng b\u01b0\u1edfi da xanh"},"content":{"rendered":"<p>B\u01b0\u1edfi Da Xanh t\u1eeb l\u00e2u \u0111\u00e3 m\u1ec7nh danh l\u00e0 &#8220;vua c\u1ee7a c\u00e1c lo\u1ea1i b\u01b0\u1edfi&#8221; nh\u1edd nh\u1eefng m\u00fai h\u1ed3ng m\u1ecdng n\u01b0\u1edbc, v\u1ecb ng\u1ecdt thanh \u0111\u1eadm \u0111\u00e0 v\u00e0 \u0111\u1eb7c bi\u1ec7t l\u00e0 kh\u00f4ng h\u1ec1 c\u00f3 h\u1ea1t. Kh\u00f4ng ch\u1ec9 th\u01a1m ngon, \u0111\u00e2y c\u00f2n l\u00e0 d\u00f2ng c\u00e2y kinh t\u1ebf b\u1ec1n v\u1eefng cho nh\u00e0 v\u01b0\u1eddn. T\u1ea1i C\u00e2y Gi\u1ed1ng Ph\u00fac An, ch\u00fang t\u00f4i cung c\u1ea5p c\u00e2y gi\u1ed1ng B\u01b0\u1edfi Da Xanh chu\u1ea9n, gi\u00fap c\u00e2y b\u1eaft \u0111\u1ea5t nhanh, s\u1edbm cho tr\u00e1i sai tr\u0129u c\u00e0nh v\u00e0 \u0111\u1ea1t chu\u1ea9n lo\u1ea1i 1.<\/p>\n<p><iframe loading=\"lazy\" title=\"C\u00e2y Gi\u1ed1ng B\u01b0\u1edfi Da Xanh Gh\u00e9p H\u00e0ng \u0110\u1eb9p - C\u00e2y Gi\u1ed1ng Ph\u00fac An 0962.888.014\" width=\"563\" height=\"1000\" src=\"https:\/\/www.youtube.com\/embed\/yrRlAGqYNvI?feature=oembed\" frameborder=\"0\" allow=\"accelerometer; autoplay; clipboard-write; encrypted-media; gyroscope; picture-in-picture; web-share\" referrerpolicy=\"strict-origin-when-cross-origin\" allowfullscreen><\/iframe><\/p>\n<h2>\u0110\u1eb7c \u0111i\u1ec3m h\u00ecnh th\u00e1i<\/h2>\n<p>Th\u00e2n v\u00e0 t\u00e1n c\u00e2y: B\u01b0\u1edfi da xanh l\u00e0 c\u00e2y th\u00e2n g\u1ed7, sinh tr\u01b0\u1edfng m\u1ea1nh, t\u00e1n c\u00e2y ph\u00e1t tri\u1ec3n r\u1ed9ng v\u00e0 c\u00f3 tu\u1ed5i th\u1ecd cao. L\u00e1 b\u01b0\u1edfi c\u00f3 m\u00e0u xanh \u0111\u1eadm, phi\u1ebfn l\u00e1 to, d\u00e0y.<\/p>\n<p>\u0110\u1eb7c \u0111i\u1ec3m tr\u00e1i: Tr\u00e1i c\u00f3 d\u1ea1ng h\u00ecnh c\u1ea7u, tr\u1ecdng l\u01b0\u1ee3ng trung b\u00ecnh t\u1eeb 1.2 &#8211; 2.5kg\/tr\u00e1i. Khi ch\u00edn, v\u1ecf b\u01b0\u1edfi v\u1eabn gi\u1eef \u0111\u01b0\u1ee3c m\u00e0u xanh \u0111\u1eb7c tr\u01b0ng ho\u1eb7c chuy\u1ec3n sang xanh h\u01a1i v\u00e0ng. V\u1ecf kh\u00e1 m\u1ecfng v\u00e0 d\u1ec5 l\u1ed9t. Ph\u1ea7n ru\u1ed9t b\u00ean trong c\u00f3 m\u00e0u h\u1ed3ng \u0111\u1ecf v\u00f4 c\u00f9ng b\u1eaft m\u1eaft, c\u00e1c t\u00e9p b\u01b0\u1edfi b\u00f3 ch\u1eb7t, d\u1ec5 tr\u00f3c, \u0111\u1eb7c bi\u1ec7t l\u00e0 kh\u00f4ng c\u00f3 h\u1ea1t ho\u1eb7c c\u00f3 r\u1ea5t \u00edt h\u1ea1t.<\/p>\n<p>H\u01b0\u01a1ng v\u1ecb: B\u01b0\u1edfi da xanh n\u1ed5i ti\u1ebfng v\u1edbi v\u1ecb ng\u1ecdt thanh m\u00e1t, kh\u00f4ng b\u1ecb the \u0111\u1eafng, n\u01b0\u1edbc nhi\u1ec1u v\u00e0 c\u00f3 m\u00f9i th\u01a1m d\u1ecbu nh\u1eb9 \u0111\u1eb7c tr\u01b0ng.<\/p>\n<figure id=\"attachment_2002\" aria-describedby=\"caption-attachment-2002\" style=\"width: 600px\" class=\"wp-caption aligncenter\"><img loading=\"lazy\" decoding=\"async\" class=\"wp-image-2002\" src=\"http:\/\/localhost\/phucan713\/wp-content\/uploads\/2024\/06\/318531469_1220935578495114_8498764358443482822_n-980x1024.jpg\" alt=\"Tr\u00e1i b\u01b0\u1edfi da xanh ru\u1ed9t h\u1ed3ng \u0111\u1eb9p m\u1eaft\" width=\"600\" height=\"627\" \/><figcaption id=\"caption-attachment-2002\" class=\"wp-caption-text\">Tr\u00e1i b\u01b0\u1edfi da xanh ru\u1ed9t h\u1ed3ng \u0111\u1eb9p m\u1eaft, h\u01b0\u01a1ng v\u1ecb th\u01a1m m\u00e1t ng\u1ecdt ng\u00e0o<\/figcaption><\/figure>\n<h2>\u0110\u1eb7c t\u00ednh sinh tr\u01b0\u1edfng<\/h2>\n<p>C\u00e2y sinh tr\u01b0\u1edfng t\u1ed1t trong \u0111i\u1ec1u ki\u1ec7n kh\u00ed h\u1eadu nhi\u1ec7t \u0111\u1edbi, \u0111\u1eb7c bi\u1ec7t ph\u00f9 h\u1ee3p v\u1edbi th\u1ed5 nh\u01b0\u1ee1ng v\u00e0 kh\u00ed h\u1eadu t\u1ea1i c\u00e1c t\u1ec9nh ph\u00eda Nam.<\/p>\n<p>Gi\u1ed1ng b\u01b0\u1edfi n\u00e0y \u01b0a s\u00e1ng, c\u1ea7n l\u01b0\u1ee3ng n\u01b0\u1edbc d\u1ed3i d\u00e0o nh\u01b0ng l\u1ea1i kh\u00f4ng ch\u1ecbu \u0111\u01b0\u1ee3c ng\u1eadp \u00fang. Do \u0111\u00f3, vi\u1ec7c thi\u1ebft k\u1ebf h\u1ec7 th\u1ed1ng tho\u00e1t n\u01b0\u1edbc ho\u1eb7c l\u00ean li\u1ebfp (l\u00ean lu\u1ed1ng) cao l\u00e0 r\u1ea5t quan tr\u1ecdng.<\/p>\n<p>C\u00e2y ph\u00e1t tri\u1ec3n t\u1ed1t nh\u1ea5t tr\u00ean n\u1ec1n \u0111\u1ea5t th\u1ecbt pha c\u00e1t, \u0111\u1ea5t ph\u00f9 sa t\u01a1i x\u1ed1p, gi\u00e0u m\u00f9n v\u00e0 c\u00f3 \u0111\u1ed9 pH t\u1eeb 5.5 &#8211; 7.0.<\/p>\n<h2>B\u01b0\u1edfi da xanh tr\u1ed3ng bao l\u00e2u c\u00f3 tr\u00e1i?<\/h2>\n<figure id=\"attachment_1994\" aria-describedby=\"caption-attachment-1994\" style=\"width: 450px\" class=\"wp-caption aligncenter\"><img loading=\"lazy\" decoding=\"async\" class=\"wp-image-1994\" src=\"http:\/\/localhost\/phucan713\/wp-content\/uploads\/2024\/06\/z4947414284345_b39539a89d025678494468366410905a-768x1024.jpg\" alt=\"Tr\u00e1i b\u01b0\u1edfi da xanh chu\u1ea9n b\u1ecb thu ho\u1ea1ch\" width=\"450\" height=\"600\" \/><figcaption id=\"caption-attachment-1994\" class=\"wp-caption-text\">Tr\u00e1i b\u01b0\u1edfi da xanh tr\u00ean c\u00e2y \u0111\u1ee7 tu\u1ed5i<\/figcaption><\/figure>\n<p>V\u1edbi c\u00e2y chi\u1ebft ho\u1eb7c c\u00e2y gh\u00e9p: N\u1ebfu \u0111\u01b0\u1ee3c ch\u0103m s\u00f3c t\u1ed1t, \u0111\u00fang k\u1ef9 thu\u1eadt, c\u00e2y s\u1ebd b\u1eaft \u0111\u1ea7u cho l\u1ee9a tr\u00e1i b\u00f3i \u0111\u1ea7u ti\u00ean sau kho\u1ea3ng 2.5 \u2013 3 n\u0103m tr\u1ed3ng.<\/p>\n<p>L\u01b0u \u00fd: Trong n\u0103m \u0111\u1ea7u ti\u00ean c\u00e2y ra hoa, b\u00e0 con n\u00ean l\u1eb7t b\u1ecf b\u1edbt ho\u1eb7c ch\u1ec9 gi\u1eef l\u1ea1i 1-2 tr\u00e1i \u0111\u1ec3 c\u00e2y t\u1eadp trung dinh d\u01b0\u1ee1ng nu\u00f4i b\u1ed9 khung t\u00e1n. Kh\u00f4ng n\u00ean \u00e9p c\u00e2y mang tr\u00e1i qu\u00e1 s\u1edbm s\u1ebd l\u00e0m suy c\u00e2y, \u1ea3nh h\u01b0\u1edfng \u0111\u1ebfn n\u0103ng su\u1ea5t c\u00e1c v\u1ee5 sau.<\/p>\n<h2>N\u0103ng su\u1ea5t gi\u1ed1ng b\u01b0\u1edfi da xanh<\/h2>\n<p>Giai \u0111o\u1ea1n ki\u1ebfn thi\u1ebft (n\u0103m th\u1ee9 3 &#8211; 4): N\u0103ng su\u1ea5t ban \u0111\u1ea7u \u0111\u1ea1t kho\u1ea3ng 20 &#8211; 30 tr\u00e1i\/c\u00e2y\/n\u0103m.<\/p>\n<p>Giai \u0111o\u1ea1n kinh doanh \u1ed5n \u0111\u1ecbnh (t\u1eeb n\u0103m th\u1ee9 5 tr\u1edf \u0111i): N\u0103ng su\u1ea5t t\u0103ng d\u1ea7n v\u00e0 r\u1ea5t \u1ed5n \u0111\u1ecbnh. M\u1ed9t c\u00e2y tr\u01b0\u1edfng th\u00e0nh c\u00f3 th\u1ec3 cho t\u1eeb 80 &#8211; 120 tr\u00e1i\/n\u0103m (t\u01b0\u01a1ng \u0111\u01b0\u01a1ng 100 &#8211; 150kg\/c\u00e2y).<\/p>\n<p>Tu\u1ed5i th\u1ecd khai th\u00e1c: B\u01b0\u1edfi da xanh c\u00f3 tu\u1ed5i th\u1ecd kinh t\u1ebf r\u1ea5t cao. N\u1ebfu canh t\u00e1c theo h\u01b0\u1edbng h\u1eefu c\u01a1, b\u1ea3o v\u1ec7 t\u1ed1t b\u1ed9 r\u1ec5, c\u00e2y c\u00f3 th\u1ec3 cho thu ho\u1ea1ch li\u00ean t\u1ee5c t\u1eeb 15 &#8211; 20 n\u0103m ho\u1eb7c l\u00e2u h\u01a1n.<\/p>\n<figure id=\"attachment_1996\" aria-describedby=\"caption-attachment-1996\" style=\"width: 450px\" class=\"wp-caption aligncenter\"><img loading=\"lazy\" decoding=\"async\" class=\"wp-image-1996\" src=\"http:\/\/localhost\/phucan713\/wp-content\/uploads\/2024\/06\/z4947414296644_c80f8ad13a431fc553bc1b71ef1b4396-768x1024.jpg\" alt=\"N\u0103ng su\u1ea5t gi\u1ed1ng b\u01b0\u1edfi da xanh kh\u00e1 cao\" width=\"450\" height=\"600\" \/><figcaption id=\"caption-attachment-1996\" class=\"wp-caption-text\">N\u0103ng su\u1ea5t gi\u1ed1ng b\u01b0\u1edfi da xanh kh\u00e1 cao<\/figcaption><\/figure>\n<h2>K\u1ef9 thu\u1eadt tr\u1ed3ng v\u00e0 ch\u0103m s\u00f3c theo h\u01b0\u1edbng b\u1ec1n v\u1eefng<\/h2>\n<p>\u0110\u1ec3 duy tr\u00ec v\u01b0\u1eddn b\u01b0\u1edfi xanh t\u1ed1t, \u00edt s\u00e2u b\u1ec7nh v\u00e0 cho tr\u00e1i ch\u1ea5t l\u01b0\u1ee3ng, Ph\u00fac An khuy\u1ebfn kh\u00edch b\u00e0 con canh t\u00e1c theo h\u01b0\u1edbng H\u1eefu c\u01a1 sinh h\u1ecdc.<\/p>\n<h3>Chu\u1ea9n b\u1ecb \u0111\u1ea5t v\u00e0 gi\u1ed1ng<\/h3>\n<p>L\u00ean li\u1ebfp v\u00e0 kho\u1ea3ng c\u00e1ch tr\u1ed3ng: \u1ede nh\u1eefng v\u00f9ng \u0111\u1ea5t th\u1ea5p, b\u00e0 con c\u1ea7n l\u00ean li\u1ebfp cao v\u00e0 x\u1ebb m\u01b0\u01a1ng tho\u00e1t n\u01b0\u1edbc. M\u1eadt \u0111\u1ed9 tr\u1ed3ng l\u00fd t\u01b0\u1edfng l\u00e0 5m x 5m ho\u1eb7c 6m x 6m \u0111\u1ec3 c\u00e2y c\u00f3 kh\u00f4ng gian ph\u00e1t tri\u1ec3n b\u1ed9 t\u00e1n sau n\u00e0y.<\/p>\n<p>Ch\u1ecdn gi\u1ed1ng: C\u1ea7n ch\u1ecdn mua c\u00e2y gi\u1ed1ng (chi\u1ebft ho\u1eb7c gh\u00e9p) t\u1eeb nh\u1eefng c\u00e2y m\u1eb9 kh\u1ecfe m\u1ea1nh, s\u1ea1ch b\u1ec7nh, \u0111\u00e3 cho n\u0103ng su\u1ea5t \u1ed5n \u0111\u1ecbnh. C\u00e2y gi\u1ed1ng ph\u1ea3i c\u00f3 b\u1ed9 r\u1ec5 kh\u1ecfe, l\u00e1 xanh t\u1ed1t, kh\u00f4ng c\u00f3 d\u1ea5u hi\u1ec7u s\u00e2u b\u1ec7nh.<\/p>\n<h3>Quy tr\u00ecnh b\u00f3n ph\u00e2n (K\u1ebft h\u1ee3p H\u1eefu c\u01a1 &amp; H\u00f3a h\u1ecdc)<\/h3>\n<p>T\u01b0 duy canh t\u00e1c: N\u1ec1n t\u1ea3ng c\u1ee7a m\u1ed9t c\u00e2y b\u01b0\u1edfi kh\u1ecfe l\u00e0 b\u1ed9 r\u1ec5 t\u1ed1t. Do \u0111\u00f3, ph\u00e2n h\u1eefu c\u01a1 l\u00e0 y\u1ebfu t\u1ed1 c\u1ed1t l\u00f5i, ph\u00e2n h\u00f3a h\u1ecdc ch\u1ec9 \u0111\u00f3ng vai tr\u00f2 h\u1ed7 tr\u1ee3 th\u00fac \u0111\u1ea9y n\u0103ng su\u1ea5t.<\/p>\n<h4><strong>Giai \u0111o\u1ea1n Ki\u1ebfn thi\u1ebft<\/strong><\/h4>\n<ul>\n<li><em>Ch\u1ee7 l\u1ef1c:<\/em> B\u00f3n l\u00f3t v\u00e0 b\u00f3n \u0111\u1ecbnh k\u1ef3 b\u1eb1ng ph\u00e2n chu\u1ed3ng \u1ee7 hoai (ph\u00e2n b\u00f2, ph\u00e2n d\u00ea&#8230;) k\u1ebft h\u1ee3p n\u1ea5m Trichoderma \u0111\u1ec3 ph\u00f2ng b\u1ec7nh th\u1ed1i r\u1ec5.<\/li>\n<li><em>B\u1ed5 sung:<\/em> D\u00f9ng NPK c\u00f3 h\u00e0m l\u01b0\u1ee3ng \u0111\u1ea1m v\u00e0 l\u00e2n cao (nh\u01b0 20-20-15) \u0111\u1ec3 gi\u00fap c\u00e2y nhanh \u0111\u00e2m ch\u1ed3i, n\u1ea3y l\u1ed9c v\u00e0 ph\u00e1t tri\u1ec3n c\u00e0nh.<\/li>\n<\/ul>\n<h4><strong>Giai \u0111o\u1ea1n kinh doanh<\/strong><\/h4>\n<ul>\n<li><em>Sau thu ho\u1ea1ch:<\/em> C\u1eaft t\u1ec9a c\u00e0nh t\u0103m, c\u00e0nh s\u00e2u b\u1ec7nh. B\u00f3n m\u1ea1nh ph\u00e2n h\u1eefu c\u01a1 \u0111\u1ec3 ph\u1ee5c h\u1ed3i c\u00e2y.<\/li>\n<li><em>Giai \u0111o\u1ea1n ra hoa, nu\u00f4i tr\u00e1i:<\/em> B\u1ed5 sung NPK c\u00f3 h\u00e0m l\u01b0\u1ee3ng Kali cao gi\u00fap tr\u00e1i ch\u1eafc, n\u1eb7ng k\u00fd, ru\u1ed9t \u0111\u1ecf v\u00e0 v\u1ecf m\u1ecfng. C\u00f3 th\u1ec3 x\u1ecbt th\u00eam ph\u00e2n b\u00f3n l\u00e1 ch\u1ee9a Canxi, Bo \u0111\u1ec3 ch\u1ed1ng r\u1ee5ng tr\u00e1i non.<\/li>\n<\/ul>\n<h4><strong>Ph\u00f2ng tr\u1eeb s\u00e2u b\u1ec7nh<\/strong><\/h4>\n<ul>\n<li>Tr\u00ean c\u00e2y b\u01b0\u1edfi c\u1ea7n ch\u00fa \u00fd c\u00e1c \u0111\u1ed1i t\u01b0\u1ee3ng nh\u01b0: s\u00e2u v\u1ebd b\u00f9a (g\u00e2y h\u1ea1i giai \u0111o\u1ea1n ra \u0111\u1ecdt non), nh\u1ec7n \u0111\u1ecf (l\u00e0m da lu c\u1ea1p, s\u1ea7n s\u00f9i), r\u1ec7p s\u00e1p v\u00e0 b\u1ec7nh v\u00e0ng l\u00e1 th\u1ed1i r\u1ec5.<\/li>\n<li>\u01afu ti\u00ean s\u1eed d\u1ee5ng d\u1ea7u kho\u00e1ng, c\u00e1c ch\u1ebf ph\u1ea9m sinh h\u1ecdc (nh\u01b0 vi khu\u1ea9n Bt, n\u1ea5m xanh, n\u1ea5m tr\u1eafng) \u0111\u1ec3 phun x\u1ecbt. C\u1eaft t\u1ec9a v\u01b0\u1eddn th\u00f4ng tho\u00e1ng c\u0169ng l\u00e0 c\u00e1ch h\u1ea1n ch\u1ebf s\u00e2u b\u1ec7nh t\u1ef1 nhi\u00ean v\u00e0 hi\u1ec7u qu\u1ea3 nh\u1ea5t.<\/li>\n<\/ul>\n<h2>Mua c\u00e2y gi\u1ed1ng B\u01b0\u1edfi Da Xanh \u1edf \u0111\u00e2u uy t\u00edn?<\/h2>\n<p><a href=\"http:\/\/localhost\/phucan713\/\" target=\"_blank\" rel=\"noopener\">C\u00e2y Gi\u1ed1ng Ph\u00fac An<\/a> t\u1ef1 h\u00e0o l\u00e0 \u0111\u01a1n v\u1ecb cung c\u1ea5p c\u00e2y gi\u1ed1ng uy t\u00edn, \u0111\u01b0\u1ee3c nhi\u1ec1u b\u00e0 con tin t\u01b0\u1edfng:<\/p>\n<p>C\u00e2y gi\u1ed1ng \u0111\u01b0\u1ee3c chi\u1ebft\/ gh\u00e9p t\u1eeb nh\u1eefng c\u00e2y m\u1eb9 \u0111\u00fang gi\u1ed1ng, kh\u1ecfe m\u1ea1nh, \u0111\u00e3 \u0111\u01b0\u1ee3c tuy\u1ec3n ch\u1ecdn k\u1ef9 l\u01b0\u1ee1ng. C\u00e2y tr\u1ea3i qua quy tr\u00ecnh nh\u00e2n gi\u1ed1ng, d\u01b0\u1ee1ng c\u00e2y con, x\u1ea3 n\u1eafng ho\u00e0n ch\u1ec9nh. \u0110\u1ebfn tay c\u00f4 b\u00e1c s\u1ebd l\u00e0 t\u1eebng c\u00e2y \u0111\u00e3 c\u1ee9ng c\u00e1p \u0111\u00e3 ra c\u01a1i ch\u1ed3i m\u1edbi.<\/p>\n<figure id=\"attachment_4932\" aria-describedby=\"caption-attachment-4932\" style=\"width: 450px\" class=\"wp-caption aligncenter\"><img loading=\"lazy\" decoding=\"async\" class=\"wp-image-4932\" src=\"http:\/\/localhost\/phucan713\/wp-content\/uploads\/2026\/03\/cay-giong-buoi-da-xanh-duoc-nuoi-duong-tai-phuc-an.jpg\" alt=\"C\u00e2y gi\u1ed1ng b\u01b0\u1edfi da xanh \u0111\u01b0\u1ee3c nu\u00f4i d\u01b0\u1ee1ng t\u1ea1i Ph\u00fac An\" width=\"450\" height=\"600\" srcset=\"https:\/\/ktech4.k-tech-services.com\/phucan713\/wp-content\/uploads\/2026\/03\/cay-giong-buoi-da-xanh-duoc-nuoi-duong-tai-phuc-an.jpg 720w, https:\/\/ktech4.k-tech-services.com\/phucan713\/wp-content\/uploads\/2026\/03\/cay-giong-buoi-da-xanh-duoc-nuoi-duong-tai-phuc-an-225x300.jpg 225w, https:\/\/ktech4.k-tech-services.com\/phucan713\/wp-content\/uploads\/2026\/03\/cay-giong-buoi-da-xanh-duoc-nuoi-duong-tai-phuc-an-510x680.jpg 510w\" sizes=\"auto, (max-width: 450px) 100vw, 450px\" \/><figcaption id=\"caption-attachment-4932\" class=\"wp-caption-text\">C\u00e2y gi\u1ed1ng b\u01b0\u1edfi da xanh \u0111\u01b0\u1ee3c nu\u00f4i d\u01b0\u1ee1ng t\u1ea1i Ph\u00fac An<\/figcaption><\/figure>\n<figure id=\"attachment_4933\" aria-describedby=\"caption-attachment-4933\" style=\"width: 600px\" class=\"wp-caption aligncenter\"><img loading=\"lazy\" decoding=\"async\" class=\"wp-image-4933\" src=\"http:\/\/localhost\/phucan713\/wp-content\/uploads\/2026\/03\/cay-giong-buoi-da-xanh-giao-cho-khach-o-xa-1024x461.jpg\" alt=\"C\u00e2y gi\u1ed1ng b\u01b0\u1edfi da xanh giao cho kh\u00e1ch \u1edf xa\" width=\"600\" height=\"270\" srcset=\"https:\/\/ktech4.k-tech-services.com\/phucan713\/wp-content\/uploads\/2026\/03\/cay-giong-buoi-da-xanh-giao-cho-khach-o-xa-1024x461.jpg 1024w, https:\/\/ktech4.k-tech-services.com\/phucan713\/wp-content\/uploads\/2026\/03\/cay-giong-buoi-da-xanh-giao-cho-khach-o-xa-300x135.jpg 300w, https:\/\/ktech4.k-tech-services.com\/phucan713\/wp-content\/uploads\/2026\/03\/cay-giong-buoi-da-xanh-giao-cho-khach-o-xa-768x346.jpg 768w, https:\/\/ktech4.k-tech-services.com\/phucan713\/wp-content\/uploads\/2026\/03\/cay-giong-buoi-da-xanh-giao-cho-khach-o-xa-510x230.jpg 510w, https:\/\/ktech4.k-tech-services.com\/phucan713\/wp-content\/uploads\/2026\/03\/cay-giong-buoi-da-xanh-giao-cho-khach-o-xa.jpg 1280w\" sizes=\"auto, (max-width: 600px) 100vw, 600px\" \/><figcaption id=\"caption-attachment-4933\" class=\"wp-caption-text\">C\u00e2y gi\u1ed1ng b\u01b0\u1edfi da xanh giao cho kh\u00e1ch \u1edf xa<\/figcaption><\/figure>\n<p>Qu\u00fd c\u00f4 b\u00e1c c\u00f3 th\u1ec3 li\u00ean h\u1ec7 tr\u1ef1c ti\u1ebfp qua<strong><span style=\"color: #008000; font-size: 120%;\"> SDT\/ Zalo 0962.888.014<\/span><\/strong>\u00a0\u0111\u1ec3 ch\u00fang t\u00f4i t\u01b0 v\u1ea5n v\u00e0 b\u00e1o gi\u00e1 c\u1ee5 th\u1ec3. Xin c\u1ea3m \u01a1n qu\u00fd c\u00f4 b\u00e1c \u0111\u00e3 \u0111\u1eb7t ni\u1ec1m tin v\u1edbi nh\u00e0 v\u01b0\u1eddn.<\/p>\n<p><strong>&gt; M\u1eddi b\u1ea1n \u0111\u1ecdc b\u00e1o:\u00a0<\/strong><\/p>\n<p class=\"detail-title fs-26 mb-10 fw-700\"><a href=\"https:\/\/danviet.vn\/giam-doc-htx-trong-buoi-da-xanh-ty-phu-nong-dan-dia-phan-ba-ria-vung-tau-truoc-day-ung-cu-dai-bieu-hdnd-tphcm-d1407982.html\" target=\"_blank\" rel=\"noopener\">Gi\u00e1m \u0111\u1ed1c HTX tr\u1ed3ng b\u01b0\u1edfi da xanh, t\u1ef7 ph\u00fa n\u00f4ng d\u00e2n (\u0111\u1ecba ph\u1eadn B\u00e0 R\u1ecba-V\u0169ng T\u00e0u tr\u01b0\u1edbc \u0111\u00e2y) \u1ee9ng c\u1eed \u0111\u1ea1i bi\u1ec3u H\u0110ND TPHCM<\/a><\/p>\n","protected":false},"excerpt":{"rendered":"<p>* Gi\u00e1 tham kh\u1ea3o cho s\u1ed1 l\u01b0\u1ee3ng t\u1eeb 30 c\u00e2y, c\u00f3 th\u1ec3 thay \u0111\u1ed5i theo th\u1eddi \u0111i\u1ec3m<br \/>\n* Ch\u01b0a bao g\u1ed3m ph\u00ed v\u1eadn chuy\u1ec3n (t\u00f9y theo s\u1ed1 l\u01b0\u1ee3ng c\u00e2y v\u00e0 \u0111\u1ecba \u0111i\u1ec3m giao h\u00e0ng)<\/p>\n","protected":false},"featured_media":1998,"comment_status":"open","ping_status":"closed","template":"","meta":[],"product_brand":[],"product_cat":[35,45],"product_tag":[33],"class_list":{"0":"post-4931","1":"product","2":"type-product","3":"status-publish","4":"has-post-thumbnail","6":"product_cat-san-pham-giong-cay-an-trai","7":"product_cat-giong-buoi","8":"product_tag-buoi-da-xanh","10":"first","11":"instock","12":"shipping-taxable","13":"purchasable","14":"product-type-simple"},"_links":{"self":[{"href":"https:\/\/ktech4.k-tech-services.com\/phucan713\/wp-json\/wp\/v2\/product\/4931","targetHints":{"allow":["GET"]}}],"collection":[{"href":"https:\/\/ktech4.k-tech-services.com\/phucan713\/wp-json\/wp\/v2\/product"}],"about":[{"href":"https:\/\/ktech4.k-tech-services.com\/phucan713\/wp-json\/wp\/v2\/types\/product"}],"replies":[{"embeddable":true,"href":"https:\/\/ktech4.k-tech-services.com\/phucan713\/wp-json\/wp\/v2\/comments?post=4931"}],"wp:featuredmedia":[{"embeddable":true,"href":"https:\/\/ktech4.k-tech-services.com\/phucan713\/wp-json\/"}],"wp:attachment":[{"href":"https:\/\/ktech4.k-tech-services.com\/phucan713\/wp-json\/wp\/v2\/media?parent=4931"}],"wp:term":[{"taxonomy":"product_brand","embeddable":true,"href":"https:\/\/ktech4.k-tech-services.com\/phucan713\/wp-json\/wp\/v2\/product_brand?post=4931"},{"taxonomy":"product_cat","embeddable":true,"href":"https:\/\/ktech4.k-tech-services.com\/phucan713\/wp-json\/wp\/v2\/product_cat?post=4931"},{"taxonomy":"product_tag","embeddable":true,"href":"https:\/\/ktech4.k-tech-services.com\/phucan713\/wp-json\/wp\/v2\/product_tag?post=4931"}],"curies":[{"name":"wp","href":"https:\/\/api.w.org\/{rel}","templated":true}]}}