{"id":4934,"date":"2026-03-16T12:02:46","date_gmt":"2026-03-16T05:02:46","guid":{"rendered":"https:\/\/caygiongphucan.com\/?post_type=product&amp;p=4934"},"modified":"2026-03-16T12:02:46","modified_gmt":"2026-03-16T05:02:46","slug":"cay-giong-mit-mo-ben-tre","status":"publish","type":"product","link":"https:\/\/ktech4.k-tech-services.com\/phucan713\/san-pham\/cay-giong-mit-mo-ben-tre\/","title":{"rendered":"C\u00e2y gi\u1ed1ng m\u00edt m\u01a1"},"content":{"rendered":"<p><em>M\u00edt M\u01a1 l\u00e0 m\u1ed9t gi\u1ed1ng c\u00e2y tr\u1ed3ng ti\u1ec1m n\u0103ng, mang l\u1ea1i nhi\u1ec1u l\u1ee3i \u00edch kinh t\u1ebf cho ng\u01b0\u1eddi n\u00f4ng d\u00e2n. N\u1ebfu b\u1ea1n \u0111ang t\u00ecm ki\u1ebfm m\u1ed9t gi\u1ed1ng c\u00e2y tr\u1ed3ng d\u1ec5 tr\u1ed3ng, d\u1ec5 ch\u0103m s\u00f3c v\u00e0 c\u00f3 gi\u00e1 tr\u1ecb kinh t\u1ebf cao th\u00ec M\u00edt M\u01a1 l\u00e0 m\u1ed9t l\u1ef1a ch\u1ecdn tuy\u1ec7t v\u1eddi.<\/em><\/p>\n<h2><strong>Ngu\u1ed3n g\u1ed1c gi\u1ed1ng M\u00edt M\u01a1<\/strong><\/h2>\n<figure id=\"attachment_2715\" aria-describedby=\"caption-attachment-2715\" style=\"width: 338px\" class=\"wp-caption aligncenter\"><img loading=\"lazy\" decoding=\"async\" class=\"wp-image-2715\" src=\"http:\/\/localhost\/phucan713\/wp-content\/uploads\/2024\/08\/347267016_1329656350954808_2071401878414645814_n-577x1024.jpg\" alt=\"C\u1eadn c\u1ea3nh tr\u00e1i m\u00edt m\u01a1 th\u01a1m ngon \u0111\u1eb9p m\u1eaft\" width=\"338\" height=\"600\" srcset=\"https:\/\/ktech4.k-tech-services.com\/phucan713\/wp-content\/uploads\/2024\/08\/347267016_1329656350954808_2071401878414645814_n-577x1024.jpg 577w, https:\/\/ktech4.k-tech-services.com\/phucan713\/wp-content\/uploads\/2024\/08\/347267016_1329656350954808_2071401878414645814_n-169x300.jpg 169w, https:\/\/ktech4.k-tech-services.com\/phucan713\/wp-content\/uploads\/2024\/08\/347267016_1329656350954808_2071401878414645814_n-768x1364.jpg 768w, https:\/\/ktech4.k-tech-services.com\/phucan713\/wp-content\/uploads\/2024\/08\/347267016_1329656350954808_2071401878414645814_n-865x1536.jpg 865w, https:\/\/ktech4.k-tech-services.com\/phucan713\/wp-content\/uploads\/2024\/08\/347267016_1329656350954808_2071401878414645814_n-510x906.jpg 510w, https:\/\/ktech4.k-tech-services.com\/phucan713\/wp-content\/uploads\/2024\/08\/347267016_1329656350954808_2071401878414645814_n.jpg 1153w\" sizes=\"auto, (max-width: 338px) 100vw, 338px\" \/><figcaption id=\"caption-attachment-2715\" class=\"wp-caption-text\">C\u1eadn c\u1ea3nh tr\u00e1i m\u00edt m\u01a1 th\u01a1m ngon \u0111\u1eb9p m\u1eaft<\/figcaption><\/figure>\n<p>M\u00edt M\u01a1 c\u00f9ng h\u1ecd v\u1edbi m\u00edt t\u1ed1 n\u1eef nh\u01b0ng c\u00f3 nhi\u1ec1u s\u1ef1 kh\u00e1c bi\u1ec7t v\u1ec1 c\u00e2y, l\u00e1, th\u1eddi gian cho tr\u00e1i, h\u01b0\u01a1ng v\u1ecb, n\u0103ng su\u1ea5t,\u2026Gi\u1ed1ng\u00a0M\u00edt M\u01a1 \u0111\u00e3 c\u00f3 m\u1eb7t r\u1ea5t l\u00e2u \u1edf mi\u1ec1n t\u00e2y, \u0111\u1eb7c bi\u1ec7t l\u00e0 B\u1ebfn Tre, nh\u01b0ng ch\u1ec9 m\u1edbi \u0111\u01b0\u1ee3c nh\u00e2n gi\u1ed1ng r\u1ed9ng r\u00e3i h\u01a1n trong 2 n\u0103m tr\u1edf l\u1ea1i \u0111\u00e2y. V\u00ec v\u1eady tr\u00ean th\u1ecb tr\u01b0\u1eddng c\u00f3 kh\u00e1 nhi\u1ec1u th\u00f4ng tin ch\u01b0a ch\u00ednh x\u00e1c.<\/p>\n<p>M\u00edt M\u01a1 v\u00e0 m\u00edt t\u1ed1 n\u1eef h\u01b0\u01a1ng s\u1ea7u ri\u00eang l\u00e0 hai gi\u1ed1ng ho\u00e0n to\u00e0n KH\u00c1C NHAU. Trong khi m\u00edt t\u1ed1 n\u1eef c\u00f3 m\u00e0u v\u00e0ng \u0111\u1eadm v\u00e0 v\u1ecb ng\u1ecdt \u0111\u1eadm, th\u00ec M\u00edt M\u01a1 l\u1ea1i s\u1edf h\u1eefu m\u00e0u v\u00e0ng nh\u1ea1t h\u01a1n, v\u1ecb ng\u1ecdt thanh h\u01a1n v\u00e0 m\u1ed9t h\u01b0\u01a1ng th\u01a1m \u0111\u1eb7c tr\u01b0ng, t\u1ea1o n\u00ean m\u1ed9t s\u1ef1 kh\u00e1c bi\u1ec7t r\u00f5 r\u1ec7t<\/p>\n<blockquote><p>&gt; T\u00ecm hi\u1ec3u v\u1ec1 <em><strong><a href=\"http:\/\/localhost\/phucan713\/cay-giong-mit-to-nu-huong-sau-rieng\/\" target=\"_blank\" rel=\"noopener\">gi\u1ed1ng m\u00edt t\u1ed1 n\u1eef v\u1ecb s\u1ea7u ri\u00eang<\/a><\/strong><\/em><\/p><\/blockquote>\n<figure id=\"attachment_2738\" aria-describedby=\"caption-attachment-2738\" style=\"width: 1020px\" class=\"wp-caption aligncenter\"><img loading=\"lazy\" decoding=\"async\" class=\"wp-image-2738 size-large\" src=\"http:\/\/localhost\/phucan713\/wp-content\/uploads\/2024\/04\/Phan-biet-mit-to-nu-mit-mo-mit-to-nu-huong-sau-rieng-1024x576.jpg\" alt=\"Ph\u00e2n bi\u1ec7t m\u00edt t\u1ed1 n\u1eef, m\u00edt m\u01a1, m\u00edt t\u1ed1 n\u1eef h\u01b0\u01a1ng s\u1ea7u ri\u00eang\" width=\"1020\" height=\"574\" srcset=\"https:\/\/ktech4.k-tech-services.com\/phucan713\/wp-content\/uploads\/2024\/04\/Phan-biet-mit-to-nu-mit-mo-mit-to-nu-huong-sau-rieng-1024x576.jpg 1024w, https:\/\/ktech4.k-tech-services.com\/phucan713\/wp-content\/uploads\/2024\/04\/Phan-biet-mit-to-nu-mit-mo-mit-to-nu-huong-sau-rieng-300x169.jpg 300w, https:\/\/ktech4.k-tech-services.com\/phucan713\/wp-content\/uploads\/2024\/04\/Phan-biet-mit-to-nu-mit-mo-mit-to-nu-huong-sau-rieng-768x432.jpg 768w, https:\/\/ktech4.k-tech-services.com\/phucan713\/wp-content\/uploads\/2024\/04\/Phan-biet-mit-to-nu-mit-mo-mit-to-nu-huong-sau-rieng-510x287.jpg 510w, https:\/\/ktech4.k-tech-services.com\/phucan713\/wp-content\/uploads\/2024\/04\/Phan-biet-mit-to-nu-mit-mo-mit-to-nu-huong-sau-rieng.jpg 1280w\" sizes=\"auto, (max-width: 1020px) 100vw, 1020px\" \/><figcaption id=\"caption-attachment-2738\" class=\"wp-caption-text\">Ph\u00e2n bi\u1ec7t m\u00edt t\u1ed1 n\u1eef, m\u00edt m\u01a1, m\u00edt t\u1ed1 n\u1eef h\u01b0\u01a1ng s\u1ea7u ri\u00eang<\/figcaption><\/figure>\n<h2><strong>Nh\u1eefng \u0111i\u1ec3m kh\u00e1c bi\u1ec7t c\u1ee7a M\u00edt M\u01a1 so v\u1edbi m\u00edt t\u1ed1 n\u1eef<\/strong><\/h2>\n<p>C\u00e2n n\u1eb7ng: Tr\u00e1i M\u00edt M\u01a1 l\u1edbn h\u01a1n m\u00edt t\u1ed1 n\u1eef, n\u1eb7ng kho\u1ea3ng g\u1ea5p \u0111\u00f4i m\u00edt t\u1ed1 n\u1eef. M\u00edt M\u01a1: 1,5-3kg &#8211; M\u00edt t\u1ed1 n\u1eef 700 gram-2kg.<\/p>\n<p>V\u1ecb ng\u1ecdt: M\u00edt M\u01a1 c\u00f3 v\u1ecb ng\u1ecdt thanh, kh\u00f4ng g\u1eaft, trong khi m\u00edt t\u1ed1 n\u1eef th\u01b0\u1eddng c\u00f3 v\u1ecb ng\u1ecdt \u0111\u1eadm \u0111\u00e0 h\u01a1n.<\/p>\n<p>M\u00e0u s\u1eafc m\u00fai m\u00edt: M\u00fai M\u00edt M\u01a1 c\u00f3 m\u00e0u v\u00e0ng nh\u1ea1t, trong khi m\u00edt t\u1ed1 n\u1eef th\u01b0\u1eddng c\u00f3 m\u00e0u v\u00e0ng \u0111\u1eadm h\u01a1n.<\/p>\n<p>\u0110\u1ed9 x\u01a1: M\u00edt M\u01a1 b\u00e1m ch\u1eafc v\u00e0o c\u00f9i, \u00edt x\u01a1 h\u01a1n so v\u1edbi m\u00edt t\u1ed1 n\u1eef.<\/p>\n<h2><strong>\u0110\u1eb7c \u0111i\u1ec3m gi\u1ed1ng M\u00edt M\u01a1<\/strong><\/h2>\n<p>Tu\u1ed5i th\u1ecd: R\u1ea5t cao, h\u01a1n 30 n\u0103m m\u00e0 v\u1eabn cho tr\u00e1i nhi\u1ec1u v\u00e0 ngon, \u0111\u1eb7c bi\u1ec7t khi b\u1ea1n tr\u1ed3ng b\u1eb1ng c\u00e2y gh\u00e9p chui c\u00e0nh c\u00e2y gi\u1ed1ng s\u1ebd r\u1ea5t kh\u1ecfe.<\/p>\n<p>H\u00ecnh d\u00e1ng: Tr\u00e1i M\u00edt M\u01a1 th\u01b0\u1eddng c\u00f3 k\u00edch th\u01b0\u1edbc trung b\u00ecnh, v\u1ecf m\u00e0u xanh \u0111\u1eadm khi c\u00f2n non v\u00e0 chuy\u1ec3n sang m\u00e0u v\u00e0ng khi ch\u00edn. Th\u1ecbt qu\u1ea3 m\u00e0u v\u00e0ng nh\u1ea1t, m\u00fai d\u00e0y, h\u1ea1t \u00edt.<\/p>\n<p>Kh\u1ea3 n\u0103ng th\u00edch nghi: C\u00e2y M\u00edt M\u01a1 kh\u00e1 kh\u1ecfe m\u1ea1nh, \u00edt s\u00e2u b\u1ec7nh, c\u00f3 th\u1ec3 tr\u1ed3ng \u0111\u01b0\u1ee3c \u1edf nhi\u1ec1u lo\u1ea1i \u0111\u1ea5t kh\u00e1c nhau v\u00e0 ch\u1ecbu \u0111\u01b0\u1ee3c \u0111i\u1ec1u ki\u1ec7n kh\u00ed h\u1eadu kh\u1eafc nghi\u1ec7t.<\/p>\n<h2><strong>\u01afu \u0111i\u1ec3m khi tr\u1ed3ng M\u00edt M\u01a1<\/strong><\/h2>\n<p>Gi\u00e1 tr\u1ecb kinh t\u1ebf cao: Nh\u1edd n\u0103ng su\u1ea5t cao v\u00e0 ch\u1ea5t l\u01b0\u1ee3ng qu\u1ea3 t\u1ed1t, M\u00edt M\u01a1 mang l\u1ea1i hi\u1ec7u qu\u1ea3 kinh t\u1ebf cao cho ng\u01b0\u1eddi tr\u1ed3ng.<\/p>\n<p>Th\u1ecb tr\u01b0\u1eddng ti\u00eau th\u1ee5 r\u1ed9ng m\u1edf: M\u00edt M\u01a1 \u0111\u01b0\u1ee3c ng\u01b0\u1eddi ti\u00eau d\u00f9ng \u01b0a chu\u1ed9ng, d\u1ec5 d\u00e0ng ti\u00eau th\u1ee5 tr\u00ean th\u1ecb tr\u01b0\u1eddng.<\/p>\n<p>D\u1ec5 tr\u1ed3ng, d\u1ec5 ch\u0103m s\u00f3c: M\u00edt M\u01a1 l\u00e0 gi\u1ed1ng c\u00e2y kh\u1ecfe m\u1ea1nh, \u00edt s\u00e2u b\u1ec7nh, kh\u00f4ng \u0111\u00f2i h\u1ecfi k\u1ef9 thu\u1eadt canh t\u00e1c qu\u00e1 cao.<\/p>\n<h2><strong>C\u00e2y M\u00edt M\u01a1 tr\u1ed3ng bao l\u00e2u c\u00f3 tr\u00e1i? <\/strong><\/h2>\n<p>Kho\u1ea3ng 18-24 th\u00e1ng sau khi tr\u1ed3ng, M\u00edt M\u01a1 \u0111\u00e3 c\u00f3 th\u1ec3 cho tr\u00e1i, s\u1edbm h\u01a1n m\u00edt t\u1ed1 n\u1eef (kho\u1ea3ng 3-4 n\u0103m). \u1ede n\u0103m th\u1ee9 5-6 tr\u1edf v\u1ec1 sau n\u0103ng su\u1ea5t s\u1ebd cao d\u1ea7n.<\/p>\n<h2><strong>N\u0103ng su\u1ea5t gi\u1ed1ng M\u00edt M\u01a1<\/strong><\/h2>\n<p>Gi\u1ed1ng m\u00edt n\u00e0y cho tr\u00e1i sai, m\u1ed7i tr\u00e1i n\u1eb7ng t\u1eeb 1,5 &#8211; 3kg, n\u0103ng su\u1ea5t c\u00f3 th\u1ec3 g\u1ea5p 2 l\u1ea7n so v\u1edbi m\u00edt t\u1ed1 n\u1eef.<\/p>\n<figure id=\"attachment_2717\" aria-describedby=\"caption-attachment-2717\" style=\"width: 450px\" class=\"wp-caption aligncenter\"><img loading=\"lazy\" decoding=\"async\" class=\"wp-image-2717\" src=\"http:\/\/localhost\/phucan713\/wp-content\/uploads\/2024\/08\/mit-mo-768x1024.jpg\" alt=\"C\u00e2y m\u00edt m\u01a1 l\u00e2u n\u0103m t\u1ea1i B\u1ebfn Tre cho n\u0103ng su\u1ea5t r\u1ea5t cao\" width=\"450\" height=\"600\" srcset=\"https:\/\/ktech4.k-tech-services.com\/phucan713\/wp-content\/uploads\/2024\/08\/mit-mo-768x1024.jpg 768w, https:\/\/ktech4.k-tech-services.com\/phucan713\/wp-content\/uploads\/2024\/08\/mit-mo-225x300.jpg 225w, https:\/\/ktech4.k-tech-services.com\/phucan713\/wp-content\/uploads\/2024\/08\/mit-mo-510x680.jpg 510w, https:\/\/ktech4.k-tech-services.com\/phucan713\/wp-content\/uploads\/2024\/08\/mit-mo.jpg 1080w\" sizes=\"auto, (max-width: 450px) 100vw, 450px\" \/><figcaption id=\"caption-attachment-2717\" class=\"wp-caption-text\">C\u00e2y m\u00edt m\u01a1 l\u00e2u n\u0103m t\u1ea1i B\u1ebfn Tre cho n\u0103ng su\u1ea5t r\u1ea5t cao<\/figcaption><\/figure>\n<h2><strong>Kh\u00ed h\u1eadu v\u00e0 \u0111\u1ea5t tr\u1ed3ng th\u00edch h\u1ee3p v\u1edbi gi\u1ed1ng M\u00edt M\u01a1 <\/strong><\/h2>\n<p>M\u00edt M\u01a1 c\u00f3 kh\u1ea3 n\u0103ng th\u00edch nghi t\u1ed1t v\u1edbi nhi\u1ec1u \u0111i\u1ec1u ki\u1ec7n kh\u00ed h\u1eadu v\u00e0 \u0111\u1ea5t tr\u1ed3ng kh\u00e1c nhau. Tuy nhi\u00ean, \u0111\u1ec3 c\u00e2y ph\u00e1t tri\u1ec3n t\u1ed1t v\u00e0 cho n\u0103ng su\u1ea5t cao, ch\u00fang ta n\u00ean l\u1ef1a ch\u1ecdn nh\u1eefng \u0111i\u1ec1u ki\u1ec7n ph\u00f9 h\u1ee3p nh\u1ea5t.<\/p>\n<p>M\u00edt M\u01a1 l\u00e0 c\u00e2y nhi\u1ec7t \u0111\u1edbi, \u01b0a kh\u00ed h\u1eadu n\u00f3ng \u1ea9m. Nhi\u1ec7t \u0111\u1ed9 trung b\u00ecnh t\u1eeb 25-30\u00b0C l\u00e0 th\u00edch h\u1ee3p nh\u1ea5t cho c\u00e2y sinh tr\u01b0\u1edfng v\u00e0 ph\u00e1t tri\u1ec3n.<\/p>\n<p>\u0110\u1ea5t c\u00f3 \u0111\u1ed9 pH t\u1eeb 5,5-6 l\u00e0 ph\u00f9 h\u1ee3p, c\u1ea7n c\u00f3 \u0111\u1ed9 t\u01a1i x\u1ed1p v\u00e0 \u0111\u01b0\u1ee3c c\u1ea3i t\u1ea1o tr\u01b0\u1edbc khi tr\u1ed3ng \u0111\u1ec3 c\u00e2y c\u00f3 ngu\u1ed3n \u0111\u1ea5t s\u1ea1ch ngu\u1ed3n b\u1ec7nh v\u00e0 c\u00f3 dinh d\u01b0\u1ee1ng \u0111\u1ec3 \u201c\u0103n\u201d.<\/p>\n<p>\u00c1nh s\u00e1ng: M\u00edt M\u01a1 l\u00e0 c\u00e2y \u01b0a s\u00e1ng, c\u1ea7n nhi\u1ec1u \u00e1nh s\u00e1ng m\u1eb7t tr\u1eddi \u0111\u1ec3 quang h\u1ee3p v\u00e0 ra hoa, \u0111\u1eadu tr\u00e1i.<\/p>\n<p>L\u01b0\u1ee3ng m\u01b0a: M\u01b0a ph\u00f9n ho\u1eb7c m\u01b0a \u0111\u1ec1u \u0111\u1eb7n trong n\u0103m s\u1ebd gi\u00fap c\u00e2y ph\u00e1t tri\u1ec3n t\u1ed1t. Tuy nhi\u00ean, c\u1ea7n tr\u00e1nh \u00fang ng\u1eadp.<\/p>\n<figure id=\"attachment_2773\" aria-describedby=\"caption-attachment-2773\" style=\"width: 450px\" class=\"wp-caption aligncenter\"><img loading=\"lazy\" decoding=\"async\" class=\"wp-image-2773\" src=\"http:\/\/localhost\/phucan713\/wp-content\/uploads\/2024\/08\/mit-mo-3-768x1024.jpg\" alt=\"M\u00edt m\u01a1 tr\u00ean c\u00e2y tr\u01b0\u1edfng th\u00e0nh cho ph\u1ea9m ch\u1ea5t r\u1ea5t ngon\" width=\"450\" height=\"600\" srcset=\"https:\/\/ktech4.k-tech-services.com\/phucan713\/wp-content\/uploads\/2024\/08\/mit-mo-3-768x1024.jpg 768w, https:\/\/ktech4.k-tech-services.com\/phucan713\/wp-content\/uploads\/2024\/08\/mit-mo-3-225x300.jpg 225w, https:\/\/ktech4.k-tech-services.com\/phucan713\/wp-content\/uploads\/2024\/08\/mit-mo-3-510x680.jpg 510w, https:\/\/ktech4.k-tech-services.com\/phucan713\/wp-content\/uploads\/2024\/08\/mit-mo-3.jpg 960w\" sizes=\"auto, (max-width: 450px) 100vw, 450px\" \/><figcaption id=\"caption-attachment-2773\" class=\"wp-caption-text\">M\u00edt m\u01a1 tr\u00ean c\u00e2y tr\u01b0\u1edfng th\u00e0nh cho ph\u1ea9m ch\u1ea5t r\u1ea5t ngon<\/figcaption><\/figure>\n<h2><strong>Kho\u1ea3ng c\u00e1ch, th\u1eddi v\u1ee5 tr\u1ed3ng c\u00e2y M\u00edt M\u01a1<\/strong><\/h2>\n<p>Kho\u1ea3ng c\u00e1ch tr\u1ed3ng gi\u1ed1ng M\u00edt M\u01a1 th\u00edch h\u1ee3p l\u00e0\u00a0 5m*5m\/ c\u00e2y. V\u1eady 1 hecta tr\u1ed3ng \u0111\u01b0\u1ee3c kho\u1ea3ng 400 c\u00e2y.<\/p>\n<h2><strong>C\u00e1ch tr\u1ed3ng v\u00e0 ch\u0103m s\u00f3c gi\u1ed1ng M\u00edt M\u01a1<\/strong><\/h2>\n<p>Ch\u1ecdn gi\u1ed1ng: N\u00ean ch\u1ecdn gi\u1ed1ng M\u00edt M\u01a1 t\u1eeb c\u00e1c nh\u00e0 v\u01b0\u1eddn uy t\u00edn \u0111\u1ec3 \u0111\u1ea3m b\u1ea3o c\u00e2y gi\u1ed1ng kh\u1ecfe m\u1ea1nh, ch\u1ea5t l\u01b0\u1ee3ng. C\u00e2y gh\u00e9p chui c\u00e0nh hay gh\u00e9p bo \u0111\u1ec1u \u0111\u01b0\u1ee3c mi\u1ec5n l\u00e0 c\u00e2y nu\u00f4i \u0111\u1ee7 ng\u00e0y.<\/p>\n<p>\u0110\u1ea5t tr\u1ed3ng: M\u00edt M\u01a1 th\u00edch h\u1ee3p tr\u1ed3ng \u1edf \u0111\u1ea5t t\u01a1i x\u1ed1p, gi\u00e0u dinh d\u01b0\u1ee1ng, tho\u00e1t n\u01b0\u1edbc t\u1ed1t.<\/p>\n<p>T\u01b0\u1edbi n\u01b0\u1edbc: C\u1ea7n t\u01b0\u1edbi n\u01b0\u1edbc \u0111\u1ec1u \u0111\u1eb7n cho c\u00e2y, \u0111\u1eb7c bi\u1ec7t l\u00e0 v\u00e0o m\u00f9a kh\u00f4.<\/p>\n<p>B\u00f3n ph\u00e2n: B\u00f3n ph\u00e2n \u0111\u1ecbnh k\u1ef3 cho c\u00e2y \u0111\u1ec3 c\u00e2y ph\u00e1t tri\u1ec3n t\u1ed1t v\u00e0 cho nhi\u1ec1u qu\u1ea3.<\/p>\n<p>Ph\u00f2ng tr\u1eeb s\u00e2u b\u1ec7nh: Th\u01b0\u1eddng xuy\u00ean ki\u1ec3m tra c\u00e2y v\u00e0 \u00e1p d\u1ee5ng c\u00e1c bi\u1ec7n ph\u00e1p ph\u00f2ng tr\u1eeb s\u00e2u b\u1ec7nh khi c\u1ea7n thi\u1ebft.<\/p>\n<h2><strong>Gi\u00e1 c\u00e2y gi\u1ed1ng M\u00edt M\u01a1 <\/strong><\/h2>\n<p>Gi\u00e1 c\u00e2y gi\u1ed1ng M\u00edt M\u01a1 t\u1ea1i v\u01b0\u1eddn Ph\u00fac An dao \u0111\u1ed9ng t\u1eeb 80.000- 120.000\/ c\u00e2y. T\u00f9y theo l\u00f4 c\u00e2y, s\u1ed1 l\u01b0\u1ee3ng \u0111\u1eb7t s\u1ebd c\u00f3 m\u1ee9c gi\u00e1 kh\u00e1c nhau. Ch\u00fang t\u00f4i cam k\u1ebft lu\u00f4n gi\u1eef m\u1ee9c gi\u00e1 m\u1ec1m v\u1eeba t\u00fai ti\u1ec1n \u0111\u1ec3 m\u1ecdi kh\u00e1ch h\u00e0ng \u0111\u1ec1u c\u00f3 th\u1ec3 ch\u1ecdn mua nh\u1eefng c\u00e2y gi\u1ed1ng th\u1eadt t\u1ed1t cho khu v\u01b0\u1eddn c\u1ee7a m\u00ecnh.<\/p>\n<h2><strong>Mua c\u00e2y gi\u1ed1ng M\u00edt M\u01a1 \u1edf \u0111\u00e2u ch\u1ea5t l\u01b0\u1ee3ng?<\/strong><\/h2>\n<p>C\u00e2y gi\u1ed1ng Ph\u00fac An cung c\u1ea5p c\u00e2y gi\u1ed1ng M\u00edt M\u01a1 chu\u1ea9n gi\u1ed1ng, n\u1ebfu ph\u00e1t hi\u1ec7n sai gi\u1ed1ng ch\u00fang t\u00f4i b\u1ed3i th\u01b0\u1eddng 200% gi\u00e1 tr\u1ecb.<\/p>\n<p>V\u01b0\u1eddn nh\u00e2n gi\u1ed1ng c\u1ee7a Ph\u00fac An \u0111\u01b0\u1ee3c ch\u1ecdn l\u1ef1a k\u1ef9 l\u01b0\u1ee1ng, l\u00e0 v\u01b0\u1eddn \u0111\u00e3 cho tr\u00e1i chu\u1ea9n v\u00e0 \u1ed5n \u0111\u1ecbnh. Bo gh\u00e9p\/ c\u00e0nh gh\u00e9p \u0111\u01b0\u1ee3c tuy\u1ec3n ch\u1ecdn.<\/p>\n<figure id=\"attachment_2705\" aria-describedby=\"caption-attachment-2705\" style=\"width: 450px\" class=\"wp-caption aligncenter\"><img loading=\"lazy\" decoding=\"async\" class=\"wp-image-2705\" src=\"http:\/\/localhost\/phucan713\/wp-content\/uploads\/2024\/08\/mit-mo-chui-canh-hoangphuc-768x1024.jpg\" alt=\"C\u00e2y gi\u1ed1ng m\u00edt m\u01a1 gh\u00e9p chui c\u00e0nh t\u1ea1i Ph\u00fac An\" width=\"450\" height=\"600\" srcset=\"https:\/\/ktech4.k-tech-services.com\/phucan713\/wp-content\/uploads\/2024\/08\/mit-mo-chui-canh-hoangphuc-768x1024.jpg 768w, https:\/\/ktech4.k-tech-services.com\/phucan713\/wp-content\/uploads\/2024\/08\/mit-mo-chui-canh-hoangphuc-225x300.jpg 225w, https:\/\/ktech4.k-tech-services.com\/phucan713\/wp-content\/uploads\/2024\/08\/mit-mo-chui-canh-hoangphuc-1152x1536.jpg 1152w, https:\/\/ktech4.k-tech-services.com\/phucan713\/wp-content\/uploads\/2024\/08\/mit-mo-chui-canh-hoangphuc-510x680.jpg 510w, https:\/\/ktech4.k-tech-services.com\/phucan713\/wp-content\/uploads\/2024\/08\/mit-mo-chui-canh-hoangphuc.jpg 1536w\" sizes=\"auto, (max-width: 450px) 100vw, 450px\" \/><figcaption id=\"caption-attachment-2705\" class=\"wp-caption-text\">C\u00e2y gi\u1ed1ng m\u00edt m\u01a1 gh\u00e9p chui c\u00e0nh t\u1ea1i Ph\u00fac An<\/figcaption><\/figure>\n<figure id=\"attachment_3109\" aria-describedby=\"caption-attachment-3109\" style=\"width: 543px\" class=\"wp-caption aligncenter\"><img loading=\"lazy\" decoding=\"async\" class=\"wp-image-3109\" src=\"http:\/\/localhost\/phucan713\/wp-content\/uploads\/2024\/08\/393262334_1362935977984156_6048582681402147307_n-1-927x1024.jpg\" alt=\"C\u00e2y gi\u1ed1ng m\u00edt m\u01a1 gh\u00e9p bo t\u1ea1i Ph\u00fac An\" width=\"543\" height=\"600\" srcset=\"https:\/\/ktech4.k-tech-services.com\/phucan713\/wp-content\/uploads\/2024\/08\/393262334_1362935977984156_6048582681402147307_n-1-927x1024.jpg 927w, https:\/\/ktech4.k-tech-services.com\/phucan713\/wp-content\/uploads\/2024\/08\/393262334_1362935977984156_6048582681402147307_n-1-272x300.jpg 272w, https:\/\/ktech4.k-tech-services.com\/phucan713\/wp-content\/uploads\/2024\/08\/393262334_1362935977984156_6048582681402147307_n-1-768x849.jpg 768w, https:\/\/ktech4.k-tech-services.com\/phucan713\/wp-content\/uploads\/2024\/08\/393262334_1362935977984156_6048582681402147307_n-1-1390x1536.jpg 1390w, https:\/\/ktech4.k-tech-services.com\/phucan713\/wp-content\/uploads\/2024\/08\/393262334_1362935977984156_6048582681402147307_n-1-510x563.jpg 510w, https:\/\/ktech4.k-tech-services.com\/phucan713\/wp-content\/uploads\/2024\/08\/393262334_1362935977984156_6048582681402147307_n-1.jpg 1536w\" sizes=\"auto, (max-width: 543px) 100vw, 543px\" \/><figcaption id=\"caption-attachment-3109\" class=\"wp-caption-text\">C\u00e2y gi\u1ed1ng m\u00edt m\u01a1 gh\u00e9p bo t\u1ea1i Ph\u00fac An<\/figcaption><\/figure>\n<h2><strong>Ti\u00eau chu\u1ea9n c\u00e2y gi\u1ed1ng M\u00edt M\u01a1 \u0111\u01b0\u1ee3c cung c\u1ea5p b\u1edfi v\u01b0\u1eddn Ph\u00fac An<\/strong><\/h2>\n<p><iframe loading=\"lazy\" title=\"Chu\u1ea9n Gi\u1ed1ng C\u00f3 B\u1ea3o H\u00e0nh 3 N\u0103m - C\u00e2y Gi\u1ed1ng M\u00edt M\u01a1 Gh\u00e9p Th\u00e1p C\u00e0nh Ch\u1ea5t L\u01b0\u1ee3ng\" width=\"563\" height=\"1000\" src=\"https:\/\/www.youtube.com\/embed\/coGxV_w7-q0?feature=oembed\" frameborder=\"0\" allow=\"accelerometer; autoplay; clipboard-write; encrypted-media; gyroscope; picture-in-picture; web-share\" referrerpolicy=\"strict-origin-when-cross-origin\" allowfullscreen><\/iframe><\/p>\n<p><strong><em>* V\u1edbi c\u00e2y gh\u00e9p chui c\u00e0nh: <\/em><\/strong>Nu\u00f4i c\u00e2y trong b\u1ea7u \u0111\u00e3 c\u00f3 r\u1ec5 \u1ed5n \u0111\u1ecbnh, \u0111\u1ee7 ng\u00e0y \u0111\u1ec3 xu\u1ea5t v\u01b0\u1eddn. Chi\u1ec1u cao c\u00e2y 40-60cm t\u00ednh t\u1eeb m\u1eb7t b\u1ea7u.<\/p>\n<p><strong><em>* V\u1edbi c\u00e2y gh\u00e9p bo:<\/em><\/strong><\/p>\n<p>&#8211; \u0110\u01b0\u1eddng k\u00ednh g\u1ed1c t\u1eeb 1cm-1,5cm<\/p>\n<p>&#8211; R\u1ec5 ph\u00e1t tri\u1ec3n m\u1ea1nh, v\u1ebft gh\u00e9p ti\u1ebfp h\u1ee3p t\u1ed1t, l\u00e1 \u0111ang chuy\u1ec3n gi\u00e0 kh\u00f4ng s\u00e2u b\u1ec7nh<\/p>\n<p>&#8211; Chi\u1ec1u cao t\u01b0\u1ee3c gh\u00e9p t\u1eeb 20cm, c\u00f3 t\u1eeb 3 c\u1eb7p l\u00e1.<\/p>\n<p>C\u00e2y tr\u1ea3i qua qu\u00e1 tr\u00ecnh nh\u00e2n gi\u1ed1ng, d\u01b0\u1ee1ng c\u00e2y con, x\u1ea3 n\u1eafng ho\u00e0n ch\u1ec9nh. \u0110\u1ebfn tay c\u00f4 b\u00e1c s\u1ebd l\u00e0 t\u1eebng c\u00e2y \u0111\u00e3 c\u1ee9ng c\u00e1p \u0111\u00e3 ra c\u01a1i ch\u1ed3i m\u1edbi. Qu\u00fd c\u00f4 b\u00e1c c\u00f3 th\u1ec3 li\u00ean h\u1ec7 tr\u1ef1c ti\u1ebfp qua <span style=\"font-size: 120%; color: #008000;\"><strong>SDT\/ Zalo 0962.888.014<\/strong><\/span> (c\u00e2y gi\u1ed1ng Ph\u00fac An) \u0111\u1ec3 ch\u00fang t\u00f4i t\u01b0 v\u1ea5n v\u00e0 b\u00e1o gi\u00e1 c\u1ee5 th\u1ec3. Xin c\u1ea3m \u01a1n qu\u00fd c\u00f4 b\u00e1c \u0111\u00e3 \u0111\u1eb7t ni\u1ec1m tin v\u1edbi nh\u00e0 v\u01b0\u1eddn Ph\u00fac An.<\/p>\n<p>C\u00f3 m\u1ed9t th\u00f4ng tin quan tr\u1ecdng m\u00e0 Ph\u00fac An mu\u1ed1n nh\u1eafn \u0111\u00f3 l\u00e0 M\u00cdT M\u01a0 v\u00e0 M\u00cdT T\u1ed0 N\u1eee H\u01af\u01a0NG S\u1ea6U RI\u00caNG l\u00e0 hai gi\u1ed1ng ho\u00e0n to\u00e0n KH\u00c1C NHAU. C\u00f3 nhi\u1ec1u n\u01a1i rao b\u00e1n v\u1edbi th\u00f4ng tin M\u00edt m\u01a1 l\u00e0 m\u00edt t\u1ed1 n\u1eef h\u01b0\u01a1ng s\u1ea7u ri\u00eang l\u00e0 sai. Qu\u00fd c\u00f4 b\u00e1c m\u00ecnh c\u1ea7n c\u1ea9n tr\u1ecdng t\u00ecm \u0111\u1ebfn nh\u1eefng nh\u00e0 v\u01b0\u1eddn uy t\u00edn v\u00e0 c\u00f3 ki\u1ebfn th\u1ee9c \u0111\u00fang th\u1ef1c t\u1ebf \u0111\u1ec3 tham kh\u1ea3o.<\/p>\n","protected":false},"excerpt":{"rendered":"<p>* Gi\u00e1 tham kh\u1ea3o cho s\u1ed1 l\u01b0\u1ee3ng t\u1eeb 30 c\u00e2y, c\u00f3 th\u1ec3 thay \u0111\u1ed5i theo th\u1eddi \u0111i\u1ec3m<br \/>\n* Ch\u01b0a bao g\u1ed3m ph\u00ed v\u1eadn chuy\u1ec3n (t\u00f9y theo s\u1ed1 l\u01b0\u1ee3ng c\u00e2y v\u00e0 \u0111\u1ecba \u0111i\u1ec3m giao h\u00e0ng)<\/p>\n","protected":false},"featured_media":2706,"comment_status":"open","ping_status":"closed","template":"","meta":[],"product_brand":[],"product_cat":[35,75],"product_tag":[],"class_list":{"0":"post-4934","1":"product","2":"type-product","3":"status-publish","4":"has-post-thumbnail","6":"product_cat-san-pham-giong-cay-an-trai","7":"product_cat-giong-mit","9":"first","10":"instock","11":"shipping-taxable","12":"purchasable","13":"product-type-simple"},"_links":{"self":[{"href":"https:\/\/ktech4.k-tech-services.com\/phucan713\/wp-json\/wp\/v2\/product\/4934","targetHints":{"allow":["GET"]}}],"collection":[{"href":"https:\/\/ktech4.k-tech-services.com\/phucan713\/wp-json\/wp\/v2\/product"}],"about":[{"href":"https:\/\/ktech4.k-tech-services.com\/phucan713\/wp-json\/wp\/v2\/types\/product"}],"replies":[{"embeddable":true,"href":"https:\/\/ktech4.k-tech-services.com\/phucan713\/wp-json\/wp\/v2\/comments?post=4934"}],"wp:featuredmedia":[{"embeddable":true,"href":"https:\/\/ktech4.k-tech-services.com\/phucan713\/wp-json\/wp\/v2\/media\/2706"}],"wp:attachment":[{"href":"https:\/\/ktech4.k-tech-services.com\/phucan713\/wp-json\/wp\/v2\/media?parent=4934"}],"wp:term":[{"taxonomy":"product_brand","embeddable":true,"href":"https:\/\/ktech4.k-tech-services.com\/phucan713\/wp-json\/wp\/v2\/product_brand?post=4934"},{"taxonomy":"product_cat","embeddable":true,"href":"https:\/\/ktech4.k-tech-services.com\/phucan713\/wp-json\/wp\/v2\/product_cat?post=4934"},{"taxonomy":"product_tag","embeddable":true,"href":"https:\/\/ktech4.k-tech-services.com\/phucan713\/wp-json\/wp\/v2\/product_tag?post=4934"}],"curies":[{"name":"wp","href":"https:\/\/api.w.org\/{rel}","templated":true}]}}